{"id":1536,"date":"2019-06-10T12:03:42","date_gmt":"2019-06-10T16:03:42","guid":{"rendered":"https:\/\/istnetgroup.com\/?page_id=1536"},"modified":"2020-04-14T21:13:15","modified_gmt":"2020-04-15T01:13:15","slug":"firepower-next-generation-firewall","status":"publish","type":"page","link":"https:\/\/istnetgroup.com\/index.php\/firepower-next-generation-firewall\/","title":{"rendered":"FireWalls de \u00faltima generaci\u00f3n (NGFW) Cisco Firepower"},"content":{"rendered":"\n[et_pb_section fb_built=\u00bb1&#8243; _builder_version=\u00bb3.19.5&#8243;][et_pb_row _builder_version=\u00bb3.0.48&#8243; background_size=\u00bbinitial\u00bb background_position=\u00bbtop_left\u00bb background_repeat=\u00bbrepeat\u00bb][et_pb_column type=\u00bb4_4&#8243; _builder_version=\u00bb3.0.47&#8243; parallax=\u00bboff\u00bb parallax_method=\u00bbon\u00bb][et_pb_text _builder_version=\u00bb3.19.5&#8243; text_font=\u00bb||||||||\u00bb text_font_size=\u00bb16px\u00bb background_size=\u00bbinitial\u00bb background_position=\u00bbtop_left\u00bb background_repeat=\u00bbrepeat\u00bb]<h1>FIREPOWER NEXT GENERATION FIREWALL (NGFW)<\/h1>\n<p><span style=\"font-size: 14px;\">Conozca el <\/span><strong style=\"font-size: 14px;\">Firewall<\/strong><span style=\"font-size: 14px;\"> de Nueva Generaci\u00f3n \u201cFirepowerThread Defense\u201d de Cisco que le permitir\u00e1 prevenir filtraciones de seguridad de manera autom\u00e1tica, aportar\u00e1 profunda visibilidad para bloquear las amenazas de forma r\u00e1pida y automatizando las operaciones para ahorrar tiempo y esfuerzo.<\/span><\/p>\n<p>El NGFW de Cisco proteger\u00e1 a las organizaciones grandes, medianas o peque\u00f1as en cualquiera de las etapas del ataque o ataque continuo.<\/p>\n<p>&nbsp;<\/p>[\/et_pb_text][et_pb_image src=\u00bbhttps:\/\/istnetgroup.com\/wp-content\/uploads\/2019\/06\/1555431418882_FirePOWER-Threat-Defense.png\u00bb _builder_version=\u00bb3.19.5&#8243;][\/et_pb_image][et_pb_text _builder_version=\u00bb3.19.5&#8243; text_font=\u00bb||||||||\u00bb text_font_size=\u00bb16px\u00bb background_size=\u00bbinitial\u00bb background_position=\u00bbtop_left\u00bb background_repeat=\u00bbrepeat\u00bb]<p>&nbsp;<\/p>\n<h2>Beneficios:<\/h2>\n<ul>\n<li>Security Intelligence de Talos Threat Intelligenceque permite al Firepower bloquear ataques de forma automatizada, incluso antes de que estos sucedan.<\/li>\n<li>Visibilidad completa de red y an\u00e1lisis de vulnerabilidades gracias a su capacidad para descubrir y analizar de forma proactiva a usuarios, redes, dispositivos finales, sistemas operativos y aplicaciones, creando contextos completos de la infraestructura de TI.<\/li>\n<li>Automatiza la aplicaci\u00f3n de pol\u00edticas de seguridad basado en contextos y las adapta de acuerdo a los cambios en cada uno de ellos, lo cual libera al personal de TI para dedicarse a las tareas de mayor prioridad. La automatizaci\u00f3n comprende la entonaci\u00f3n de reglas del NGIPS y las pol\u00edticas de acceso del <strong>Firewall<\/strong>.<\/li>\n<li>An\u00e1lisis continuo y seguridad retrospectiva que permite detectar, alertar, seguir y analizar malware avanzado antes, durante y despu\u00e9s del ataque, permitiendo analizar el comportamiento del mismo y tomar medidas preventivas en el futuro.<\/li>\n<\/ul>\n<h2>Diferenciadores:<\/h2>\n<ul>\n<li>TALOS Threat Intelligence: La Ciberinteligencia de Cisco que analiza 1.5 millones de muestras de malware por d\u00eda, 19,7 billones de amenazas bloqueadas por d\u00eda, 600 billones de mensajes escaneados por d\u00eda (de los cuales el 85% son spam) y 16 billones de solicitudes Web monitoreadas por d\u00eda.<\/li>\n<li>Tiempo de detecci\u00f3n de amenazas (TTD) m\u00e1s r\u00e1pido de la industria de 4,6 horas (cuando el est\u00e1ndar es 100 o m\u00e1s horas) con un 100% de tasa de detecci\u00f3n de filtraciones.<\/li>\n<li>Reducci\u00f3n del TCO gracias a la f\u00e1cil configuraci\u00f3n y facilidad de implementaci\u00f3n que requieren de personal menos capacitado y reduce la fuerza laboral gracias a la automatizaci\u00f3n.<\/li>\n<\/ul>\n<form id=\"__vtigerWebForm\" name=\"Cisco Firepower\" action=\"https:\/\/istnetgroup.od2.vtiger.com\/modules\/Webforms\/capture.php\" method=\"post\" accept-charset=\"utf-8\" enctype=\"multipart\/form-data\">\n<p>&nbsp;<\/p>\n<\/form>\n<p>\n<script type=\"text\/javascript\">\/\/ <![CDATA[\nwindow.onload = function() { var N=navigator.appName, ua=navigator.userAgent, tem;var M=ua.match(\/(opera|chrome|safari|firefox|msie)\\\/?\\s*(\\.?\\d+(\\.\\d+)*)\/i);if(M &#038;&#038; (tem= ua.match(\/version\\\/([\\.\\d]+)\/i))!= null) M[2]= tem[1];M=M? [M[1], M[2]]: [N, navigator.appVersion, \"-?\"];var browserName = M[0];var form = document.getElementById(\"__vtigerWebForm\"), inputs = form.elements; form.onsubmit = function() { document.getElementById(\"vtigerFormSubmitBtn\").disabled=true;var required = [], att, val; var endDate;var startDate;var endDate1;for (var i = 0; i < inputs.length; i++) { att = inputs[i].getAttribute(\"required\"); val = inputs[i].value; type = inputs[i].type; if(inputs[i].name == \"birthday\"){birthdayDate = new Date(inputs[i].value);todayDate = new Date();todayDate.setHours(0,0,0,0);birthdayDate.setHours(0,0,0,0);if(birthdayDate >= todayDate){alert(\"Date of Birth should be less than Today's Date.\");document.getElementById(\"vtigerFormSubmitBtn\").disabled=false;return false;}}if(inputs[i].name==\"support_start_date\" || inputs[i].name==\"startdate\"){startDate = inputs[i].value;}if(inputs[i].name==\"support_end_date\" || inputs[i].name==\"targetenddate\" || inputs[i].name==\"enddate\"){endDate = inputs[i].value;}if(inputs[i].name==\"actualenddate\"){endDate1 = inputs[i].value;}if(type == \"email\") {if(val != \"\") {var elemLabel = inputs[i].getAttribute(\"data-label\");var emailFilter = \/^[_\/a-zA-Z0-9]+([!\"#$%&()*+,.\/:;<=>?\\^_`{|}~-]?[a-zA-Z0-9\/_\/-])*@[a-zA-Z0-9]+([\\_\\-\\.]?[a-zA-Z0-9]+)*\\.([\\-\\_]?[a-zA-Z0-9])+(\\.?[a-zA-Z0-9]+)?$\/;var illegalChars= \/[\\(\\)\\<\\>\\,\\;\\:\\\"\\[\\]]\/ ;if (!emailFilter.test(val)) {alert(\"For \"+ elemLabel +\" field please enter valid email address\"); document.getElementById(\"vtigerFormSubmitBtn\").disabled=false;return false;} else if (val.match(illegalChars)) {alert(elemLabel +\" field contains illegal characters\");document.getElementById(\"vtigerFormSubmitBtn\").disabled=false;return false;}}}if(startDate){if(typeof startDate !== \"undefined\") {if(endDate){if(typeof endDate !== \"undefined\") {startDate = new Date(startDate);endDate = new Date(endDate);if(endDate < startDate){alert(\"End Date should be greater than or equal to Start Date\");document.getElementById(\"vtigerFormSubmitBtn\").disabled = false;return false;}}}if(endDate1){if(typeof endDate1 !== \"undefined\") {startDate = new Date(startDate);endDate1 = new Date(endDate1);if(endDate1 < startDate){alert(\"End Date should be greater than or equal to Start Date\");document.getElementById(\"vtigerFormSubmitBtn\").disabled = false;return false;}}}}}if (att != null) { if (val.replace(\/^\\s+|\\s+$\/g, \"\") == \"\") { required.push(inputs[i].getAttribute(\"label\")); } } } if (required.length > 0) { alert(\"The following fields are required: \" + required.join()); document.getElementById(\"vtigerFormSubmitBtn\").disabled=false;return false; } var numberTypeInputs = document.querySelectorAll(\"input[type=number]\");for (var i = 0; i < numberTypeInputs.length; i++) { val = numberTypeInputs[i].value;var elemLabel = numberTypeInputs[i].getAttribute(\"label\");if(val != \"\") {var intRegex = \/^[+-]?\\d+$\/;if (!intRegex.test(val)) {alert(\"For \"+ elemLabel +\" field please enter valid number\");document.getElementById(\"vtigerFormSubmitBtn\").disabled=false; return false;}}}var dateTypeInputs = document.querySelectorAll(\"input[type=date]\");for (var i = 0; i < dateTypeInputs.length; i++) {dateVal = dateTypeInputs[i].value;var elemLabel = dateTypeInputs[i].getAttribute(\"label\");if(dateVal != \"\") {var dateRegex = \/^[1-9][0-9]{3}-(0[1-9]|1[0-2]|[1-9]{1})-(0[1-9]|[1-2][0-9]|3[0-1]|[1-9]{1})$\/;if(!dateRegex.test(dateVal)) {alert(\"For \"+ elemLabel +\" field please enter valid date in required format\"); document.getElementById(\"vtigerFormSubmitBtn\").disabled=false; return false;}}}var inputElems = document.getElementsByTagName(\"input\");var totalFileSize = 0;for(var i = 0; i < inputElems.length; i++) {if(inputElems[i].type.toLowerCase() === \"file\") {var file = inputElems[i].files[0];if(typeof file !== \"undefined\") {var totalFileSize = totalFileSize + file.size;}}}if(totalFileSize > 52428800) {alert(\"Maximum allowed file size including all files is 50MB.\");document.getElementById(\"vtigerFormSubmitBtn\").disabled=false;return false;}var inputElem = document.querySelectorAll(\"input[type=file]\");var fileSize = 0;for(var i = 0; i < inputElem.length; i++) {if(inputElem[i].type.toLowerCase() ===  \"file\") {if(inputElem[i].hasAttribute(\"selectedTypeImage\")) {var imageFile = inputElem[i].files[0];var fileSize = imageFile.size;}}if(fileSize > 5242880) {alert(\"Maximum allowed image size is 5MB.\");document.getElementById(\"vtigerFormSubmitBtn\").disabled=false;return false;}}}; }\n\/\/ ]]><\/script>\n<\/p>[\/et_pb_text][\/et_pb_column][\/et_pb_row][et_pb_row _builder_version=\u00bb3.19.5&#8243;][et_pb_column type=\u00bb1_5&#8243; _builder_version=\u00bb3.19.5&#8243; parallax=\u00bboff\u00bb parallax_method=\u00bbon\u00bb][\/et_pb_column][et_pb_column type=\u00bb3_5&#8243; _builder_version=\u00bb3.19.5&#8243; parallax=\u00bboff\u00bb parallax_method=\u00bbon\u00bb][et_pb_text _builder_version=\u00bb3.19.5&#8243;]<video controls=\"\" controlslist=\"nodownload\">\n\t\t\t\t\t<source type=\"video\/mp4\" src=\"https:\/\/istnetgroup.com\/wp-content\/uploads\/2019\/07\/FormatFactoryCisco-Firepower-NGFW.mov\" style=\"\n    video: : - internal-media-controls-download-button {  pantalla : ninguna;  }\n    video :: - webkit-media-controls-enclosure {  desbordamiento : oculto;  }\n    video :: - webkit-media-controls-panel {  ancho : calc ( 100 %  +  30 px ); \/ *\n    Ajuste si es necesario * \/;}\n\">\n\t\t\t\t\t\n\t\t\t\t<\/video>[\/et_pb_text][\/et_pb_column][et_pb_column type=\u00bb1_5&#8243; _builder_version=\u00bb3.19.5&#8243; parallax=\u00bboff\u00bb parallax_method=\u00bbon\u00bb][\/et_pb_column][\/et_pb_row][et_pb_row _builder_version=\u00bb3.19.5&#8243;][et_pb_column type=\u00bb4_4&#8243; _builder_version=\u00bb3.19.5&#8243; parallax=\u00bboff\u00bb parallax_method=\u00bbon\u00bb][et_pb_button button_url=\u00bb#wow-modal-id-3&#8243; button_text=\u00bb\u00bfDesea tener m\u00e1s informaci\u00f3n sobre las caracter\u00edsticas, ventajas y beneficios de Firepower? Haga click aqu\u00ed\u00bb button_alignment=\u00bbcenter\u00bb _builder_version=\u00bb3.19.5&#8243; custom_button=\u00bbon\u00bb button_text_color=\u00bb#000faa\u00bb button_border_color=\u00bb#000faa\u00bb button_font=\u00bb||||||||\u00bb button_use_icon=\u00bboff\u00bb button_text_color__hover_enabled=\u00bbon\u00bb button_text_color__hover=\u00bb#ffffff\u00bb button_border_width__hover_enabled=\u00bbon\u00bb button_bg_color__hover_enabled=\u00bbon\u00bb button_bg_color__hover=\u00bb#000faa\u00bb][\/et_pb_button][\/et_pb_column][\/et_pb_row][\/et_pb_section]\n","protected":false},"excerpt":{"rendered":"<p>FIREPOWER NEXT GENERATION FIREWALL (NGFW) Conozca el Firewall de Nueva Generaci\u00f3n \u201cFirepowerThread Defense\u201d de Cisco que le permitir\u00e1 prevenir filtraciones de seguridad de manera autom\u00e1tica, aportar\u00e1 profunda visibilidad para bloquear las amenazas de forma r\u00e1pida y automatizando las operaciones para ahorrar tiempo y esfuerzo. El NGFW de Cisco proteger\u00e1 a las organizaciones grandes, medianas o [&hellip;]<\/p>\n","protected":false},"author":1,"featured_media":0,"parent":0,"menu_order":0,"comment_status":"closed","ping_status":"open","template":"","meta":{"_et_pb_use_builder":"on","_et_pb_old_content":"<!-- wp:tadv\/classic-paragraph -->\n<p>Conozca el <strong>Firewall<\/strong> de Nueva Generaci\u00f3n \u201cFirepowerThread Defense\u201d de Cisco que le permitir\u00e1 prevenir filtraciones de seguridad de manera autom\u00e1tica, aportar\u00e1 profunda visibilidad para bloquear las amenazas de forma r\u00e1pida y automatizando las operaciones para ahorrar tiempo y esfuerzo.<\/p>\n<p>El NGFW de Cisco proteger\u00e1 a las organizaciones grandes, medianas o peque\u00f1as en cualquiera de las etapas del ataque o ataque continuo.<\/p>\n<p>&nbsp;<\/p>\n<h2>Beneficios:<\/h2>\n<ul>\n<li>Security Intelligence de Talos Threat Intelligenceque permite al Firepower bloquear ataques de forma automatizada, incluso antes de que estos sucedan.<\/li>\n<li>Visibilidad completa de red y an\u00e1lisis de vulnerabilidades gracias a su capacidad para descubrir y analizar de forma proactiva a usuarios, redes, dispositivos finales, sistemas operativos y aplicaciones, creando contextos completos de la infraestructura de TI.<\/li>\n<li>Automatiza la aplicaci\u00f3n de pol\u00edticas de seguridad basado en contextos y las adapta de acuerdo a los cambios en cada uno de ellos, lo cual libera al personal de TI para dedicarse a las tareas de mayor prioridad. La automatizaci\u00f3n comprende la entonaci\u00f3n de reglas del NGIPS y las pol\u00edticas de acceso del <strong>Firewall<\/strong>.<\/li>\n<li>An\u00e1lisis continuo y seguridad retrospectiva que permite detectar, alertar, seguir y analizar malware avanzado antes, durante y despu\u00e9s del ataque, permitiendo analizar el comportamiento del mismo y tomar medidas preventivas en el futuro.<\/li>\n<\/ul>\n<h2>Diferenciadores:<\/h2>\n<ul>\n<li>TALOS Threat Intelligence: La Ciberinteligencia de Cisco que analiza 1.5 millones de muestras de malware por d\u00eda, 19,7 billones de amenazas bloqueadas por d\u00eda, 600 billones de mensajes escaneados por d\u00eda (de los cuales el 85% son spam) y 16 billones de solicitudes Web monitoreadas por d\u00eda.<\/li>\n<li>Tiempo de detecci\u00f3n de amenazas (TTD) m\u00e1s r\u00e1pido de la industria de 4,6 horas (cuando el est\u00e1ndar es 100 o m\u00e1s horas) con un 100% de tasa de detecci\u00f3n de filtraciones.<\/li>\n<li>Reducci\u00f3n del TCO gracias a la f\u00e1cil configuraci\u00f3n y facilidad de implementaci\u00f3n que requieren de personal menos capacitado y reduce la fuerza laboral gracias a la automatizaci\u00f3n.<\/li>\n<li style=\"list-style-type: none;\">&nbsp;<\/li>\n<\/ul>\n<!-- \/wp:tadv\/classic-paragraph -->","_et_gb_content_width":"","footnotes":""},"class_list":["post-1536","page","type-page","status-publish","hentry"],"_links":{"self":[{"href":"https:\/\/istnetgroup.com\/index.php\/wp-json\/wp\/v2\/pages\/1536","targetHints":{"allow":["GET"]}}],"collection":[{"href":"https:\/\/istnetgroup.com\/index.php\/wp-json\/wp\/v2\/pages"}],"about":[{"href":"https:\/\/istnetgroup.com\/index.php\/wp-json\/wp\/v2\/types\/page"}],"author":[{"embeddable":true,"href":"https:\/\/istnetgroup.com\/index.php\/wp-json\/wp\/v2\/users\/1"}],"replies":[{"embeddable":true,"href":"https:\/\/istnetgroup.com\/index.php\/wp-json\/wp\/v2\/comments?post=1536"}],"version-history":[{"count":14,"href":"https:\/\/istnetgroup.com\/index.php\/wp-json\/wp\/v2\/pages\/1536\/revisions"}],"predecessor-version":[{"id":2029,"href":"https:\/\/istnetgroup.com\/index.php\/wp-json\/wp\/v2\/pages\/1536\/revisions\/2029"}],"wp:attachment":[{"href":"https:\/\/istnetgroup.com\/index.php\/wp-json\/wp\/v2\/media?parent=1536"}],"curies":[{"name":"wp","href":"https:\/\/api.w.org\/{rel}","templated":true}]}}