{"id":1542,"date":"2019-06-17T21:40:24","date_gmt":"2019-06-18T01:40:24","guid":{"rendered":"https:\/\/istnetgroup.com\/?page_id=1542"},"modified":"2020-04-14T21:06:07","modified_gmt":"2020-04-15T01:06:07","slug":"smarnet-total-care","status":"publish","type":"page","link":"https:\/\/istnetgroup.com\/index.php\/smarnet-total-care\/","title":{"rendered":"Smart Net Total Care"},"content":{"rendered":"\n[et_pb_section fb_built=\u00bb1&#8243; _builder_version=\u00bb3.0.47&#8243;][et_pb_row _builder_version=\u00bb3.19.5&#8243; background_size=\u00bbinitial\u00bb background_position=\u00bbtop_left\u00bb background_repeat=\u00bbrepeat\u00bb][et_pb_column type=\u00bb4_4&#8243; _builder_version=\u00bb3.0.47&#8243; parallax=\u00bboff\u00bb parallax_method=\u00bbon\u00bb][et_pb_text _builder_version=\u00bb3.19.5&#8243; text_font=\u00bb||||||||\u00bb text_font_size=\u00bb16px\u00bb background_size=\u00bbinitial\u00bb background_position=\u00bbtop_left\u00bb background_repeat=\u00bbrepeat\u00bb]<h1>SMART NET TOTAL CARE<\/h1>\n<!-- divi:tadv\/classic-paragraph -->Conozca y tenga a su disposici\u00f3n una herramienta poderosa y f\u00e1cil usar.\n<p>&nbsp;<\/p>\n<p><span style=\"font-size: 16px;\">Por medio de<\/span><strong style=\"font-size: 16px;\"> SMART NET TOTAL CARE<\/strong><span style=\"font-size: 16px;\"> cuente con informaci\u00f3n veraz, oportuna y exacta que le permita crear f\u00e1cilmente un plan de migraci\u00f3n y ciclo de vida de los equipos que integran sus soluciones Cisco.<\/span><\/p>\n<p>Reducci\u00f3n de riesgos &#8211; Eficiencia operacional &#8211; R\u00e1pida resoluci\u00f3n de problemas.<\/p>[\/et_pb_text][\/et_pb_column][\/et_pb_row][et_pb_row _builder_version=\u00bb3.19.5&#8243;][et_pb_column type=\u00bb4_4&#8243; _builder_version=\u00bb3.19.5&#8243; parallax=\u00bboff\u00bb parallax_method=\u00bbon\u00bb][et_pb_image src=\u00bbhttps:\/\/istnetgroup.com\/wp-content\/uploads\/2019\/07\/SMARTNET-TOTAL-CARE.png\u00bb align=\u00bbcenter\u00bb _builder_version=\u00bb3.19.5&#8243;][\/et_pb_image][\/et_pb_column][\/et_pb_row][et_pb_row _builder_version=\u00bb3.19.5&#8243;][et_pb_column type=\u00bb1_3&#8243; _builder_version=\u00bb3.19.5&#8243; parallax=\u00bboff\u00bb parallax_method=\u00bbon\u00bb][et_pb_text _builder_version=\u00bb3.19.5&#8243; text_font=\u00bb||||||||\u00bb text_font_size=\u00bb16px\u00bb]<h2>Beneficios:<\/h2>\n<ul>\n<li>Asegura que los datos de Cisco reflejen los cambios de los dispositivos<\/li>\n<li>Minimiza el tiempo de inactividad<\/li>\n<li>Identifica el soporte y los riesgos de los dispositivos<\/li>\n<\/ul>\n<h2><\/h2>\n<ul><\/ul>[\/et_pb_text][\/et_pb_column][et_pb_column type=\u00bb1_3&#8243; _builder_version=\u00bb3.19.5&#8243; parallax=\u00bboff\u00bb parallax_method=\u00bbon\u00bb][et_pb_text _builder_version=\u00bb3.19.5&#8243; text_font=\u00bb||||||||\u00bb text_font_size=\u00bb16px\u00bb]<p><span style=\"color: #333333; font-size: 23px;\">Automatizaci\u00f3n:<\/span><\/p>\n<ul>\n<li>Actualiza el inventario de los dispositivos<\/li>\n<li>Genera alertas de productos y seguridad<\/li>\n<li>Gestiona la cobertura de los dispositivos<\/li>\n<\/ul>\n<h2><\/h2>\n<ul><\/ul>[\/et_pb_text][\/et_pb_column][et_pb_column type=\u00bb1_3&#8243; _builder_version=\u00bb3.19.5&#8243; parallax=\u00bboff\u00bb parallax_method=\u00bbon\u00bb][et_pb_text _builder_version=\u00bb3.19.5&#8243; text_font=\u00bb||||||||\u00bb text_font_size=\u00bb16px\u00bb]<p><span style=\"color: #333333; font-size: 23px;\">Gesti\u00f3n:<\/span><\/p>\n<ul>\n<li>Continuidad de negocio<\/li>\n<li>Reducci\u00f3n de costos<\/li>\n<li>Base instalada<\/li>\n<li>Riesgo<\/li>\n<li>Ciclo de vida<\/li>\n<li>Cambio de dispositivos<\/li>\n<\/ul>[\/et_pb_text][\/et_pb_column][\/et_pb_row][et_pb_row _builder_version=\u00bb3.19.5&#8243; module_alignment=\u00bbcenter\u00bb][et_pb_column type=\u00bb1_5&#8243; _builder_version=\u00bb3.19.5&#8243; parallax=\u00bboff\u00bb parallax_method=\u00bbon\u00bb][\/et_pb_column][et_pb_column type=\u00bb3_5&#8243; _builder_version=\u00bb3.19.5&#8243; parallax=\u00bboff\u00bb parallax_method=\u00bbon\u00bb][et_pb_text _builder_version=\u00bb3.19.5&#8243;]<video controls=\"\" controlslist=\"nodownload\">\n\t\t\t\t\t<source type=\"video\/mp4\" src=\"https:\/\/istnetgroup.com\/wp-content\/uploads\/2019\/07\/REDUCE-COSTOS-Y-TIEMPO-CON-CISCO-SMARTNET-TOTAL-CARE-DEF.mov\" style=\"\n    video: : - internal-media-controls-download-button {  pantalla : ninguna;  }\n    video :: - webkit-media-controls-enclosure {  desbordamiento : oculto;  }\n    video :: - webkit-media-controls-panel {  ancho : calc ( 100 %  +  30 px ); \/ *\n    Ajuste si es necesario * \/;}\n\">\n\t\t\t\t\t\n\t\t\t\t<\/video>[\/et_pb_text][\/et_pb_column][et_pb_column type=\u00bb1_5&#8243; _builder_version=\u00bb3.19.5&#8243; parallax=\u00bboff\u00bb parallax_method=\u00bbon\u00bb][\/et_pb_column][\/et_pb_row][et_pb_row _builder_version=\u00bb3.19.5&#8243;][et_pb_column type=\u00bb4_4&#8243; _builder_version=\u00bb3.19.5&#8243; parallax=\u00bboff\u00bb parallax_method=\u00bbon\u00bb][et_pb_button button_url=\u00bb#wow-modal-id-1&#8243; button_text=\u00bb\u00bfDesea tener m\u00e1s informaci\u00f3n sobre las caracter\u00edsticas, ventajas y beneficios de SNTC? Haga click aqu\u00ed\u00bb button_alignment=\u00bbcenter\u00bb _builder_version=\u00bb3.19.5&#8243; custom_button=\u00bbon\u00bb button_text_color=\u00bb#000faa\u00bb button_border_color=\u00bb#000faa\u00bb button_font=\u00bb||||||||\u00bb button_use_icon=\u00bboff\u00bb button_bg_color__hover_enabled=\u00bbon\u00bb button_text_color__hover_enabled=\u00bbon\u00bb button_text_color__hover=\u00bb#ffffff\u00bb button_bg_color__hover=\u00bb#000faa\u00bb][\/et_pb_button][\/et_pb_column][\/et_pb_row][\/et_pb_section]\n","protected":false},"excerpt":{"rendered":"<p>SMART NET TOTAL CARE Conozca y tenga a su disposici\u00f3n una herramienta poderosa y f\u00e1cil usar. &nbsp; Por medio de SMART NET TOTAL CARE cuente con informaci\u00f3n veraz, oportuna y exacta que le permita crear f\u00e1cilmente un plan de migraci\u00f3n y ciclo de vida de los equipos que integran sus soluciones Cisco. Reducci\u00f3n de riesgos [&hellip;]<\/p>\n","protected":false},"author":1,"featured_media":0,"parent":0,"menu_order":0,"comment_status":"closed","ping_status":"open","template":"","meta":{"_et_pb_use_builder":"on","_et_pb_old_content":"<!-- wp:tadv\/classic-paragraph -->\n<p><strong>Conozca y tenga a su disposici\u00f3n una herramienta poderosa y f\u00e1cil usar.<\/strong><\/p>\n<p>Por medio de<strong> SMARNET TOTAL CARE<\/strong> cuente con informaci\u00f3n veraz, oportuna y exacta que le permita crear f\u00e1cilmente un plan de migraci\u00f3n y ciclo de vida de los equipos que integran sus soluciones Cisco.<\/p>\n<p><img class=\"wp-image-1543 aligncenter\" src=\"https:\/\/istnetgroup.com\/wp-content\/uploads\/2019\/06\/smart-total-care-300x221.png\" alt=\"smart total care\" width=\"555\" height=\"409\" \/><\/p>\n<p>Reducci\u00f3n de riesgos - Eficiencia operacional - R\u00e1pida resoluci\u00f3n de problemas.<\/p>\n<h2>Beneficios:<\/h2>\n<ul>\n<li>Asegura que los datos de Cisco reflejen los cambios de los dispositivos<\/li>\n<li>Minimiza el tiempo de inactividad<\/li>\n<li>Identifica el soporte y los riesgos de los dispositivos<\/li>\n<\/ul>\n<h2>Automatizaci\u00f3n:<\/h2>\n<ul>\n<li>Actualiza el inventario de los dispositivos<\/li>\n<li>Genera alertas de productos y seguridad<\/li>\n<li>Gestiona la cobertura de los dispositivos<\/li>\n<\/ul>\n<h2>Gesti\u00f3n:<\/h2>\n<ul>\n<li>Continuidad de negocio<\/li>\n<li>Reducci\u00f3n de costos<\/li>\n<li>Base instalada<\/li>\n<li>Riesgo<\/li>\n<li>Ciclo de vida<\/li>\n<li>Cambio de dispositivos<\/li>\n<\/ul>\n<!-- \/wp:tadv\/classic-paragraph -->","_et_gb_content_width":"","footnotes":""},"class_list":["post-1542","page","type-page","status-publish","hentry"],"_links":{"self":[{"href":"https:\/\/istnetgroup.com\/index.php\/wp-json\/wp\/v2\/pages\/1542","targetHints":{"allow":["GET"]}}],"collection":[{"href":"https:\/\/istnetgroup.com\/index.php\/wp-json\/wp\/v2\/pages"}],"about":[{"href":"https:\/\/istnetgroup.com\/index.php\/wp-json\/wp\/v2\/types\/page"}],"author":[{"embeddable":true,"href":"https:\/\/istnetgroup.com\/index.php\/wp-json\/wp\/v2\/users\/1"}],"replies":[{"embeddable":true,"href":"https:\/\/istnetgroup.com\/index.php\/wp-json\/wp\/v2\/comments?post=1542"}],"version-history":[{"count":32,"href":"https:\/\/istnetgroup.com\/index.php\/wp-json\/wp\/v2\/pages\/1542\/revisions"}],"predecessor-version":[{"id":2025,"href":"https:\/\/istnetgroup.com\/index.php\/wp-json\/wp\/v2\/pages\/1542\/revisions\/2025"}],"wp:attachment":[{"href":"https:\/\/istnetgroup.com\/index.php\/wp-json\/wp\/v2\/media?parent=1542"}],"curies":[{"name":"wp","href":"https:\/\/api.w.org\/{rel}","templated":true}]}}