{"id":1550,"date":"2019-06-17T20:45:08","date_gmt":"2019-06-18T00:45:08","guid":{"rendered":"https:\/\/istnetgroup.com\/?page_id=1550"},"modified":"2020-04-14T21:16:46","modified_gmt":"2020-04-15T01:16:46","slug":"correo-electronico-corporativo","status":"publish","type":"page","link":"https:\/\/istnetgroup.com\/index.php\/correo-electronico-corporativo\/","title":{"rendered":"Correo Electr\u00f3nico Corporativo"},"content":{"rendered":"\n[et_pb_section fb_built=\u00bb1&#8243; _builder_version=\u00bb3.19.5&#8243; custom_padding=\u00bb0px||\u00bb][et_pb_row make_fullwidth=\u00bbon\u00bb _builder_version=\u00bb3.19.5&#8243;][et_pb_column type=\u00bb4_4&#8243; _builder_version=\u00bb3.19.5&#8243; parallax=\u00bboff\u00bb parallax_method=\u00bbon\u00bb][et_pb_text _builder_version=\u00bb3.19.5&#8243;][rev_slider alias=\u00bbheder correo electronico\u00bb][\/et_pb_text][\/et_pb_column][\/et_pb_row][et_pb_row _builder_version=\u00bb3.0.48&#8243; background_size=\u00bbinitial\u00bb background_position=\u00bbtop_left\u00bb background_repeat=\u00bbrepeat\u00bb][et_pb_column type=\u00bb4_4&#8243; _builder_version=\u00bb3.0.47&#8243; parallax=\u00bboff\u00bb parallax_method=\u00bbon\u00bb][et_pb_text _builder_version=\u00bb3.19.5&#8243; text_font=\u00bb||||||||\u00bb text_font_size=\u00bb16px\u00bb background_size=\u00bbinitial\u00bb background_position=\u00bbtop_left\u00bb background_repeat=\u00bbrepeat\u00bb]<h1>Correo electr\u00f3nico corporativo<\/h1>\n<p>Conozca c\u00f3mo millones de personas conf\u00edan en la colaboraci\u00f3n por <strong>correo electr\u00f3nico<\/strong>, es una necesidad que se presenta cr\u00edtica para las organizaciones que buscan mantenerse comunicadas con sus clientes y proveer servicios internamente con sus colaboradores en una plataforma f\u00e1cil de implementar.<\/p>\n<!-- divi:tadv\/classic-paragraph -->Esta soluci\u00f3n orientada al servicio de mensajer\u00eda de colaboraci\u00f3n (groupware) permite compartir, almacenar y organizar mensajes de <strong>correo electr\u00f3nico<\/strong>, citas, contactos, tareas, documentos y mucho m\u00e1s.\n<p>&nbsp;<\/p>\n<p>&nbsp;<\/p>\n<h2>Beneficios:<\/h2>\n<ul>\n<li>Permite compartir, almacenar y organizar mensajes de <strong>correo electr\u00f3nico<\/strong>, citas, contactos, tareas, documentos y mucho m\u00e1s<\/li>\n<li>Almacenamiento y compartici\u00f3n de archivos para la carga y descargar de archivos en pro de compartir con la mensajer\u00eda y con tecnolog\u00eda Drive<\/li>\n<li>Chat interno a nivel empresarial a la herramienta que m\u00e1s utilizan los usuarios, el <strong>correo electr\u00f3nico<\/strong>, sin productos de terceros y con una instalaci\u00f3n sencilla<\/li>\n<li>Docs los usuarios pueden crear y colaborar utilizando documentos, hojas de c\u00e1lculo y presentaciones<\/li>\n<li>Los usuarios pueden sincronizar sus elementos compartidos del correo junto con todos sus otros datos. Al utilizar el protocolo de sincronizaci\u00f3n que es compatible de forma nativa con la mayor\u00eda de los dispositivos m\u00f3viles, sus datos siempre estar\u00e1n a su alcance<\/li>\n<li>Autenticaci\u00f3n de dos factores es una tecnolog\u00eda que proporciona la identificaci\u00f3n de los usuarios con la combinaci\u00f3n de dos componentes diferentes. Estos componentes pueden ser algo que el usuario sabe (como una contrase\u00f1a, ID de usuario, etc.) y algo que el usuario posee (como un tel\u00e9fono inteligente, una llave USB, etc.)<\/li>\n<\/ul>\n<p>&nbsp;<\/p>\n<h2>Diferenciadores:<\/h2>\n<ul>\n<li>Instalaci\u00f3n sencilla en poco tiempo y f\u00e1cil de operar<\/li>\n<li>Costos competitivos y adaptados a cualquier necesidad<\/li>\n<li>Soporte y mantenimiento bajo cualquier condici\u00f3n<\/li>\n<li>Plataforma robusta y segura bajo los est\u00e1ndares del mercado<\/li>\n<li>Recuperaci\u00f3n eficiente ante desastres<\/li>\n<\/ul>\n<p>&nbsp;<\/p>\n<!-- \/divi:tadv\/classic-paragraph -->[\/et_pb_text][et_pb_image src=\u00bbhttps:\/\/istnetgroup.com\/wp-content\/uploads\/2019\/07\/MULTIPLATAFORMA-1.png\u00bb _builder_version=\u00bb3.19.5&#8243;][\/et_pb_image][\/et_pb_column][\/et_pb_row][et_pb_row _builder_version=\u00bb3.19.5&#8243;][et_pb_column type=\u00bb4_4&#8243; _builder_version=\u00bb3.19.5&#8243; parallax=\u00bboff\u00bb parallax_method=\u00bbon\u00bb][et_pb_button button_url=\u00bb#wow-modal-id-2&#8243; button_text=\u00bb\u00bfDesea tener m\u00e1s informaci\u00f3n sobre las caracter\u00edsticas, ventajas y beneficios de Correo electr\u00f3nico? Haga click aqu\u00ed\u00bb button_alignment=\u00bbcenter\u00bb _builder_version=\u00bb3.19.5&#8243; custom_button=\u00bbon\u00bb button_text_color=\u00bb#000faa\u00bb button_font=\u00bb||||||||\u00bb button_use_icon=\u00bboff\u00bb button_text_color__hover_enabled=\u00bbon\u00bb button_text_color__hover=\u00bb#ffffff\u00bb button_bg_color__hover_enabled=\u00bbon\u00bb button_bg_color__hover=\u00bb#000faa\u00bb][\/et_pb_button][\/et_pb_column][\/et_pb_row][\/et_pb_section]\n","protected":false},"excerpt":{"rendered":"<p>[rev_slider alias=\u00bbheder correo electronico\u00bb]Correo electr\u00f3nico corporativo Conozca c\u00f3mo millones de personas conf\u00edan en la colaboraci\u00f3n por correo electr\u00f3nico, es una necesidad que se presenta cr\u00edtica para las organizaciones que buscan mantenerse comunicadas con sus clientes y proveer servicios internamente con sus colaboradores en una plataforma f\u00e1cil de implementar. Esta soluci\u00f3n orientada al servicio de mensajer\u00eda [&hellip;]<\/p>\n","protected":false},"author":1,"featured_media":0,"parent":0,"menu_order":0,"comment_status":"closed","ping_status":"open","template":"","meta":{"_et_pb_use_builder":"on","_et_pb_old_content":"<!-- wp:tadv\/classic-paragraph -->\n<p>Conozca c\u00f3mo millones de personas conf\u00edan en la colaboraci\u00f3n por <strong>correo electr\u00f3nico<\/strong>, es una necesidad que se presenta cr\u00edtica para las organizaciones que buscan mantenerse comunicadas con sus clientes y proveer servicios internamente con sus colaboradores en una plataforma f\u00e1cil de implementar.<\/p>\n<p>Esta soluci\u00f3n orientada al servicio de mensajer\u00eda de colaboraci\u00f3n (groupware) permite compartir, almacenar y organizar mensajes de <strong>correo electr\u00f3nico<\/strong>, citas, contactos, tareas, documentos y mucho m\u00e1s.<\/p>\n<p>&nbsp;<\/p>\n<h2>Beneficios:<\/h2>\n<ul>\n<li>Permite compartir, almacenar y organizar mensajes de <strong>correo electr\u00f3nico<\/strong>, citas, contactos, tareas, documentos y mucho m\u00e1s<\/li>\n<li>Almacenamiento y compartici\u00f3n de archivos para la carga y descargar de archivos en pro de compartir con la mensajer\u00eda y con tecnolog\u00eda Drive<\/li>\n<li>Chat interno y video conferencia a nivel empresarial a la herramienta que m\u00e1s utilizan los usuarios, el <strong>correo electr\u00f3nico<\/strong>, sin productos de terceros y con una instalaci\u00f3n sencilla<\/li>\n<li>Docs los usuarios pueden crear y colaborar utilizando documentos, hojas de c\u00e1lculo y presentaciones<\/li>\n<li>Los usuarios pueden sincronizar sus elementos compartidos del correo junto con todos sus otros datos. Al utilizar el protocolo de sincronizaci\u00f3n que es compatible de forma nativa con la mayor\u00eda de los dispositivos m\u00f3viles, sus datos siempre estar\u00e1n a su alcance<\/li>\n<li>Autenticaci\u00f3n de dos factores es una tecnolog\u00eda que proporciona la identificaci\u00f3n de los usuarios con la combinaci\u00f3n de dos componentes diferentes. Estos componentes pueden ser algo que el usuario sabe (como una contrase\u00f1a, ID de usuario, etc.) y algo que el usuario posee (como un tel\u00e9fono inteligente, una llave USB, etc.)<\/li>\n<\/ul>\n<h2>Diferenciadores:<\/h2>\n<ul>\n<li>Instalaci\u00f3n sencilla en poco tiempo y f\u00e1cil de operar<\/li>\n<li>Costos competitivos y adaptados a cualquier necesidad<\/li>\n<li>Soporte y mantenimiento bajo cualquier condici\u00f3n<\/li>\n<li>Plataforma robusta y segura bajo los est\u00e1ndares del mercado<\/li>\n<li>Recuperaci\u00f3n eficiente ante desastres<\/li>\n<\/ul>\n<!-- \/wp:tadv\/classic-paragraph -->","_et_gb_content_width":"","footnotes":""},"class_list":["post-1550","page","type-page","status-publish","hentry"],"_links":{"self":[{"href":"https:\/\/istnetgroup.com\/index.php\/wp-json\/wp\/v2\/pages\/1550","targetHints":{"allow":["GET"]}}],"collection":[{"href":"https:\/\/istnetgroup.com\/index.php\/wp-json\/wp\/v2\/pages"}],"about":[{"href":"https:\/\/istnetgroup.com\/index.php\/wp-json\/wp\/v2\/types\/page"}],"author":[{"embeddable":true,"href":"https:\/\/istnetgroup.com\/index.php\/wp-json\/wp\/v2\/users\/1"}],"replies":[{"embeddable":true,"href":"https:\/\/istnetgroup.com\/index.php\/wp-json\/wp\/v2\/comments?post=1550"}],"version-history":[{"count":21,"href":"https:\/\/istnetgroup.com\/index.php\/wp-json\/wp\/v2\/pages\/1550\/revisions"}],"predecessor-version":[{"id":2030,"href":"https:\/\/istnetgroup.com\/index.php\/wp-json\/wp\/v2\/pages\/1550\/revisions\/2030"}],"wp:attachment":[{"href":"https:\/\/istnetgroup.com\/index.php\/wp-json\/wp\/v2\/media?parent=1550"}],"curies":[{"name":"wp","href":"https:\/\/api.w.org\/{rel}","templated":true}]}}