{"id":1930,"date":"2019-10-29T10:21:21","date_gmt":"2019-10-29T14:21:21","guid":{"rendered":"https:\/\/istnetgroup.com\/?page_id=1930"},"modified":"2019-11-08T11:41:11","modified_gmt":"2019-11-08T15:41:11","slug":"consultoria","status":"publish","type":"page","link":"https:\/\/istnetgroup.com\/index.php\/consultoria\/","title":{"rendered":"Consultor\u00eda"},"content":{"rendered":"<p>[et_pb_section fb_built=\u00bb1&#8243; fullwidth=\u00bbon\u00bb _builder_version=\u00bb3.19.5&#8243;][et_pb_fullwidth_image src=\u00bbhttps:\/\/istnetgroup.com\/wp-content\/uploads\/2019\/10\/Header-p\u00e1gina-de-aterrizaje-de-consultor\u00eda.png\u00bb _builder_version=\u00bb3.19.5&#8243;][\/et_pb_fullwidth_image][\/et_pb_section][et_pb_section fb_built=\u00bb1&#8243; _builder_version=\u00bb3.0.47&#8243;][et_pb_row _builder_version=\u00bb3.19.5&#8243; background_size=\u00bbinitial\u00bb background_position=\u00bbtop_left\u00bb background_repeat=\u00bbrepeat\u00bb][et_pb_column type=\u00bb4_4&#8243; _builder_version=\u00bb3.0.47&#8243; parallax=\u00bboff\u00bb parallax_method=\u00bbon\u00bb][et_pb_text _builder_version=\u00bb3.19.5&#8243; text_font=\u00bb||||||||\u00bb text_font_size=\u00bb16px\u00bb background_size=\u00bbinitial\u00bb background_position=\u00bbtop_left\u00bb background_repeat=\u00bbrepeat\u00bb]<\/p>\n<h1>Servicio de Consultor\u00eda Tecnol\u00f3gica IST VISI\u00d3N 360\u00ba<\/h1>\n<p>El prop\u00f3sito de nuestros servicios de consultor\u00eda tecnol\u00f3gica IST visi\u00f3n 360\u00b0, es disponer de un punto de partida esencial para determinar la mejor soluci\u00f3n en una primera instancia. A tal efecto, podemos brindar consultoria de primer contacto que proporcione un an\u00e1lisis b\u00e1sico y elemental de cualquier elemento de su plataforma tecnol\u00f3gica y en todos los procesos de su negocio, ofreciendo una orientaci\u00f3n estrat\u00e9gica sencilla en b\u00fasqueda de la soluci\u00f3n tecnol\u00f3gica adaptada a sus necesidades, que finalmente coloque en sus manos la mejor decisi\u00f3n.<\/p>\n<p>&nbsp;<\/p>\n<h2>\u00bfCu\u00e1les beneficios obtiene con la Consultor\u00eda IST Visi\u00f3n 360\u00ba?<\/h2>\n<ul>\n<li>Obtiene nuestras recomendaciones y sugerencias, con base en las mejores pr\u00e1cticas<\/li>\n<li>Acceso a los conocimientos y experiencia de los ingenieros consultores, en materia tecnol\u00f3gica y de procesos<\/li>\n<li>Nuestros servicios de consultor\u00eda se pueden ajustar desde una interacci\u00f3n o requerimiento puntual hasta proyectos o servicios anuales<\/li>\n<li>Servicio global que aplica a cualquier componente tecnol\u00f3gico y de proceso.<\/li>\n<\/ul>\n<h2>\u00bfQu\u00e9 nos diferencia?<\/h2>\n<ul>\n<li>Tenemos presencia f\u00edsica en el pa\u00eds y disponibilidad de atenderlo de forma presencial o remota<\/li>\n<li>Podemos mostrar la diversidad de soluciones<\/li>\n<li>Contamos con certificaciones que soportan el dise\u00f1o de las soluciones, con responsabilidad<\/li>\n<li>Nuestros ingenieros cuentan con amplia experticia<\/li>\n<\/ul>\n<h2>Alcance<\/h2>\n<ol>\n<li>Diagn\u00f3stico de infraestructura\n<ol>\n<li>An\u00e1lisis de plataforma server y almacenamiento<\/li>\n<li>An\u00e1lisis de redes<\/li>\n<li>An\u00e1lisis de seguridad<\/li>\n<li>An\u00e1lisis de movilidad<\/li>\n<\/ol>\n<\/li>\n<li>Revisi\u00f3n de procesos\n<ol>\n<li>Gesti\u00f3n de servicios Incidentes, requerimientos y cambios<\/li>\n<li>Gesti\u00f3n de servicios de respaldo y recuperaci\u00f3n<\/li>\n<li>Gestion de operaciones<\/li>\n<li>Gestion de seguridad de Informaci\u00f3n<\/li>\n<\/ol>\n<\/li>\n<\/ol>\n<h2>Entregable por alcance<\/h2>\n<ul>\n<li><strong>Diagn\u00f3stico de infraestructura<\/strong>: informe resumido de causas y recomendaci\u00f3n para la soluci\u00f3n<\/li>\n<li><strong>Revision de procesos<\/strong>: informe resumido de causas y recomendaci\u00f3n<\/li>\n<\/ul>\n<p>[\/et_pb_text][et_pb_text _builder_version=\u00bb3.19.5&#8243;][\/et_pb_text][\/et_pb_column][\/et_pb_row][et_pb_row _builder_version=\u00bb3.19.5&#8243;][et_pb_column type=\u00bb4_4&#8243; _builder_version=\u00bb3.19.5&#8243; parallax=\u00bboff\u00bb parallax_method=\u00bbon\u00bb][et_pb_button button_url=\u00bb#wow-modal-id-4&#8243; button_text=\u00bbReg\u00edstrese aqu\u00ed para solicitar la consultor\u00eda IST Visi\u00f3n 360\u00b0, sin costo\u00bb button_alignment=\u00bbcenter\u00bb _builder_version=\u00bb3.19.5&#8243; custom_button=\u00bbon\u00bb button_text_color=\u00bb#000faa\u00bb button_border_color=\u00bb#000faa\u00bb button_font=\u00bb||||||||\u00bb button_use_icon=\u00bboff\u00bb button_bg_color__hover_enabled=\u00bbon\u00bb button_text_color__hover_enabled=\u00bbon\u00bb button_text_color__hover=\u00bb#ffffff\u00bb button_bg_color__hover=\u00bb#000faa\u00bb][\/et_pb_button][\/et_pb_column][\/et_pb_row][\/et_pb_section]<\/p>\n","protected":false},"excerpt":{"rendered":"<p>Servicio de Consultor\u00eda Tecnol\u00f3gica IST VISI\u00d3N 360\u00ba El prop\u00f3sito de nuestros servicios de consultor\u00eda tecnol\u00f3gica IST visi\u00f3n 360\u00b0, es disponer de un punto de partida esencial para determinar la mejor soluci\u00f3n en una primera instancia. A tal efecto, podemos brindar consultoria de primer contacto que proporcione un an\u00e1lisis b\u00e1sico y elemental de cualquier elemento de [&hellip;]<\/p>\n","protected":false},"author":1,"featured_media":0,"parent":0,"menu_order":0,"comment_status":"closed","ping_status":"closed","template":"","meta":{"_et_pb_use_builder":"on","_et_pb_old_content":"","_et_gb_content_width":"","footnotes":""},"class_list":["post-1930","page","type-page","status-publish","hentry"],"_links":{"self":[{"href":"https:\/\/istnetgroup.com\/index.php\/wp-json\/wp\/v2\/pages\/1930","targetHints":{"allow":["GET"]}}],"collection":[{"href":"https:\/\/istnetgroup.com\/index.php\/wp-json\/wp\/v2\/pages"}],"about":[{"href":"https:\/\/istnetgroup.com\/index.php\/wp-json\/wp\/v2\/types\/page"}],"author":[{"embeddable":true,"href":"https:\/\/istnetgroup.com\/index.php\/wp-json\/wp\/v2\/users\/1"}],"replies":[{"embeddable":true,"href":"https:\/\/istnetgroup.com\/index.php\/wp-json\/wp\/v2\/comments?post=1930"}],"version-history":[{"count":9,"href":"https:\/\/istnetgroup.com\/index.php\/wp-json\/wp\/v2\/pages\/1930\/revisions"}],"predecessor-version":[{"id":1948,"href":"https:\/\/istnetgroup.com\/index.php\/wp-json\/wp\/v2\/pages\/1930\/revisions\/1948"}],"wp:attachment":[{"href":"https:\/\/istnetgroup.com\/index.php\/wp-json\/wp\/v2\/media?parent=1930"}],"curies":[{"name":"wp","href":"https:\/\/api.w.org\/{rel}","templated":true}]}}