{"id":646,"date":"2019-02-05T00:14:54","date_gmt":"2019-02-05T04:14:54","guid":{"rendered":"http:\/\/mundo.grupotecnospirit.com\/?page_id=646"},"modified":"2020-04-14T21:21:20","modified_gmt":"2020-04-15T01:21:20","slug":"646-2","status":"publish","type":"page","link":"https:\/\/istnetgroup.com\/index.php\/646-2\/","title":{"rendered":"Centro de Datos"},"content":{"rendered":"<p>[et_pb_section fb_built=\u00bb1&#8243; fullwidth=\u00bbon\u00bb _builder_version=\u00bb3.19.5&#8243;][\/et_pb_section][et_pb_section fb_built=\u00bb1&#8243; module_id=\u00bbseccion-nosotros\u00bb _builder_version=\u00bb3.19.5&#8243; custom_padding=\u00bb0|0px|0|0|false|false\u00bb][et_pb_row make_fullwidth=\u00bbon\u00bb _builder_version=\u00bb3.19.5&#8243;][et_pb_column type=\u00bb4_4&#8243; _builder_version=\u00bb3.19.5&#8243; parallax=\u00bboff\u00bb parallax_method=\u00bbon\u00bb][et_pb_text _builder_version=\u00bb3.19.5&#8243;]<\/p>\n<p>[rev_slider alias=\u00bbcentro-de-datos\u00bb]<\/p>\n<p>[\/et_pb_text][\/et_pb_column][\/et_pb_row][et_pb_row custom_padding=\u00bb53px|0px|0|0px|false|false\u00bb _builder_version=\u00bb3.19.5&#8243;][et_pb_column type=\u00bb4_4&#8243; _builder_version=\u00bb3.19.5&#8243; parallax=\u00bboff\u00bb parallax_method=\u00bbon\u00bb][et_pb_text _builder_version=\u00bb3.19.5&#8243; text_font=\u00bb|600|||||||\u00bb text_font_size=\u00bb41px\u00bb text_font_size_phone=\u00bb22px\u00bb text_font_size_last_edited=\u00bbon|desktop\u00bb header_font=\u00bb||||||||\u00bb header_font_size_phone=\u00bb30px\u00bb header_font_size_last_edited=\u00bbon|phone\u00bb header_letter_spacing_last_edited=\u00bbon|desktop\u00bb header_4_font=\u00bb||||||||\u00bb]<\/p>\n<p style=\"text-align: center;\">El Reto<\/p>\n<p style=\"text-align: center;\"><span style=\"color: #4a4a4a;\"><\/span><\/p>\n<p>[\/et_pb_text][\/et_pb_column][\/et_pb_row][et_pb_row custom_padding=\u00bb0|0px|0|0px|false|false\u00bb _builder_version=\u00bb3.19.5&#8243;][et_pb_column type=\u00bb4_4&#8243; _builder_version=\u00bb3.19.5&#8243; parallax=\u00bboff\u00bb parallax_method=\u00bbon\u00bb][et_pb_text _builder_version=\u00bb3.19.5&#8243;]<\/p>\n<blockquote>\n<p style=\"text-align: justify;\">El centro de datos moderno necesita poder satisfacer las demandas del negocio de forma r\u00e1pida y eficiente, ya que este se reinventa constantemente para mantenerse competitivo en la era digital.<\/p>\n<h1 style=\"color:white\">centro de datos,negocio,r\u00e1pida y eficiente,era digital,digital<\/h1>\n<\/blockquote>\n<p>[\/et_pb_text][\/et_pb_column][\/et_pb_row][et_pb_row custom_padding=\u00bb53px|0px|0|0px|false|false\u00bb _builder_version=\u00bb3.19.5&#8243;][et_pb_column type=\u00bb4_4&#8243; _builder_version=\u00bb3.19.5&#8243; parallax=\u00bboff\u00bb parallax_method=\u00bbon\u00bb][et_pb_text _builder_version=\u00bb3.19.5&#8243; text_font=\u00bb|600|||||||\u00bb text_font_size=\u00bb41px\u00bb text_font_size_phone=\u00bb22px\u00bb text_font_size_last_edited=\u00bbon|phone\u00bb header_font=\u00bb||||||||\u00bb header_4_font=\u00bb||||||||\u00bb]<\/p>\n<p style=\"text-align: center;\">\u00bf Por qu\u00e9 escoger a ISTnetgroup ?<\/p>\n<p style=\"text-align: center;\"><span style=\"color: #4a4a4a;\"><\/span><\/p>\n<p>[\/et_pb_text][\/et_pb_column][\/et_pb_row][et_pb_row custom_padding=\u00bb0|0px|0|0px|false|false\u00bb _builder_version=\u00bb3.19.5&#8243;][et_pb_column type=\u00bb4_4&#8243; _builder_version=\u00bb3.19.5&#8243; parallax=\u00bboff\u00bb parallax_method=\u00bbon\u00bb][et_pb_text _builder_version=\u00bb3.19.5&#8243;]<\/p>\n<blockquote>\n<p style=\"text-align: justify;\">Brindamos soluciones orientadas a la virtualizaci\u00f3n del centro de datos que permitan la implementaci\u00f3n de nuevos sistemas operativos y aplicaciones de forma r\u00e1pida, \u00e1gil y eficiente, a la vez que ayuden en la transici\u00f3n hacia la nube, ya sea p\u00fablica, privada o hibrida.<\/p>\n<h1 style=\"color:white\">soluciones,virtualizaci\u00f3n,centro de datos,sistemas operativos,aplicaciones,nube p\u00fablica,nube privada,nube h\u00edbrida.<\/h1>\n<\/blockquote>\n<p>[\/et_pb_text][\/et_pb_column][\/et_pb_row][\/et_pb_section][et_pb_section fb_built=\u00bb1&#8243; module_id=\u00bbseccion-productosysoluciones\u00bb _builder_version=\u00bb3.19.5&#8243; background_color=\u00bb#f7f7f7&#8243; parallax=\u00bbon\u00bb custom_padding=\u00bb0|0px|54px|0px|false|false\u00bb][et_pb_row custom_padding=\u00bb53px|0px|30px|0px|false|false\u00bb _builder_version=\u00bb3.19.5&#8243;][et_pb_column type=\u00bb4_4&#8243; _builder_version=\u00bb3.19.5&#8243; parallax=\u00bboff\u00bb parallax_method=\u00bbon\u00bb][et_pb_text _builder_version=\u00bb3.19.5&#8243; text_font=\u00bb|600|||||||\u00bb text_font_size=\u00bb41px\u00bb text_font_size_phone=\u00bb22px\u00bb text_font_size_last_edited=\u00bbon|phone\u00bb header_font=\u00bb||||||||\u00bb header_4_font=\u00bb||||||||\u00bb]<\/p>\n<p style=\"text-align: center;\"><span style=\"color: #4a4a4a;\">Nuestras Soluciones<\/span><\/p>\n<p style=\"text-align: center;\"><span style=\"color: #4a4a4a;\"><\/span><\/p>\n<p>[\/et_pb_text][\/et_pb_column][\/et_pb_row][et_pb_row custom_padding=\u00bb27px|0px|22px|0px|false|false\u00bb _builder_version=\u00bb3.19.5&#8243; animation_style=\u00bbslide\u00bb animation_direction=\u00bbleft\u00bb][et_pb_column type=\u00bb1_5&#8243; _builder_version=\u00bb3.19.5&#8243; parallax=\u00bboff\u00bb parallax_method=\u00bbon\u00bb][et_pb_blurb title=\u00bbC\u00d3MPUTO UNIFICADO\u00bb image=\u00bbhttps:\/\/istnetgroup.com\/wp-content\/uploads\/2019\/06\/COMPUTO-UNIFICADO.png\u00bb _builder_version=\u00bb3.19.5&#8243; header_font=\u00bb|800|||||||\u00bb text_orientation=\u00bbcenter\u00bb]<\/p>\n<p style=\"text-align: center;\">La soluci\u00f3n de servidores de C\u00f3mputo unificado (UCS) de Cisco Systems que simplifica la interconectividad, reduce el espacio f\u00edsico y aumenta la flexibilidad mediante la virtualizaci\u00f3n de las conexiones en el centro de datos.<\/p>\n<h1 style=\"font-size: 2px; color: white;\">soluci\u00f3n de servidores de C\u00f3mputo unificado (UCS) de Cisco Systems,soluci\u00f3n,servidores, computo, unificado, UCS, (UCS).interconectividad,espacio f\u00edsico,flexibilidad,virtualizaci\u00f3n,conexiones,centro de datos.<\/h1>\n<p>[\/et_pb_blurb][\/et_pb_column][et_pb_column type=\u00bb1_5&#8243; _builder_version=\u00bb3.19.5&#8243; parallax=\u00bboff\u00bb parallax_method=\u00bbon\u00bb][et_pb_blurb title=\u00bbVIRTUALIZACI\u00d3N\u00bb image=\u00bbhttps:\/\/istnetgroup.com\/wp-content\/uploads\/2019\/06\/VIRTUALIZACION.png\u00bb _builder_version=\u00bb3.19.5&#8243; header_font=\u00bb|800|||||||\u00bb text_orientation=\u00bbcenter\u00bb]<\/p>\n<p style=\"text-align: center;\">Unifique el centro de datos y agilice su infraestructura de servidores y aplicaciones con VMWare.<\/p>\n<h1 style=\"font-size: 2px; color: white;\">Unificaci\u00f3n de centro de datos,centro de datos,infraestructura de servidores, infraestructura,servidores,aplicaciones con VMWare,WMWare,apps<\/h1>\n<p>[\/et_pb_blurb][\/et_pb_column][et_pb_column type=\u00bb1_5&#8243; _builder_version=\u00bb3.19.5&#8243; parallax=\u00bboff\u00bb parallax_method=\u00bbon\u00bb][et_pb_blurb title=\u00bbSTORAGE\u00bb image=\u00bbhttps:\/\/istnetgroup.com\/wp-content\/uploads\/2019\/06\/STORAGE.png\u00bb _builder_version=\u00bb3.19.5&#8243; header_font=\u00bb|800|||||||\u00bb text_orientation=\u00bbcenter\u00bb]<\/p>\n<p style=\"text-align: center;\">Soluciones dise\u00f1adas para satisfacer las necesidades de virtualizaci\u00f3n, almacenamiento de informaci\u00f3n, respaldo y recuperaci\u00f3n y altas demandas tr\u00e1fico en tiempo real de las aplicaciones en el centro de datos moderno.<\/p>\n<h1 style=\"font-size: 2px; color: white;\">Soluciones de virtualizaci\u00f3n,almacenamiento de informaci\u00f3n,almacenamiento,informaci\u00f3n,respaldo y recuperaci\u00f3n,respaldo,recuperaci\u00f3n,altas demandas ,tr\u00e1fico en tiempo real,trafico,tiempo,real,aplicaciones,apps<\/h1>\n<p>[\/et_pb_blurb][\/et_pb_column][et_pb_column type=\u00bb1_5&#8243; _builder_version=\u00bb3.19.5&#8243; parallax=\u00bboff\u00bb parallax_method=\u00bbon\u00bb][et_pb_blurb title=\u00bbBACKUP EXEC\u00bb image=\u00bbhttps:\/\/istnetgroup.com\/wp-content\/uploads\/2019\/06\/BAKCUP.png\u00bb content_max_width=\u00bb324px\u00bb _builder_version=\u00bb3.19.5&#8243; header_font=\u00bb|800|||||||\u00bb text_orientation=\u00bbcenter\u00bb]<\/p>\n<p style=\"text-align: center;\">Proteja su informaci\u00f3n y cumpla con las regulaciones a trav\u00e9s de una soluci\u00f3n que unifica el respaldo y recuperaci\u00f3n de datos para ambientes f\u00edsicos, virtuales y en la nube, en una administraci\u00f3n simple y centralizada.<\/p>\n<h1 style=\"font-size: 2px; color: white;\">protecci\u00f3n de informaci\u00f3n,regulaciones,soluciones,unifica el respaldo,unificaci\u00f3nrespaldo,recuperaci\u00f3n de datos para ambientes f\u00edsicos,recuperci\u00f3n,datos,ambientes fisicos,virtuales y en la nube,administraci\u00f3n simple,administarci\u00f3n centralizada<\/h1>\n<p>[\/et_pb_blurb][\/et_pb_column][et_pb_column type=\u00bb1_5&#8243; _builder_version=\u00bb3.19.5&#8243; parallax=\u00bboff\u00bb parallax_method=\u00bbon\u00bb][et_pb_blurb title=\u00bbNUBE PRIVADA\u00bb image=\u00bbhttps:\/\/istnetgroup.com\/wp-content\/uploads\/2019\/06\/NUBE-PRIVADA.png\u00bb content_max_width=\u00bb324px\u00bb _builder_version=\u00bb3.19.5&#8243; header_font=\u00bb|800|||||||\u00bb text_orientation=\u00bbcenter\u00bb]<\/p>\n<p style=\"text-align: center;\">Transforme el centro de datos tradicional para brindar Infraestructura como servicios (IaaS) a trav\u00e9s de la nube privada de Openstack.<\/p>\n<h1 style=\"font-size: 2px; color: white;\">transformaci\u00f3n,centro de datos,datos,tradicional,Infraestructura,(IaaS),IaaS,nube privada de Openstack,nube,privada,openStack<\/h1>\n<p>[\/et_pb_blurb][\/et_pb_column][\/et_pb_row][\/et_pb_section]<\/p>\n","protected":false},"excerpt":{"rendered":"<p>[rev_slider alias=\u00bbcentro-de-datos\u00bb]El Reto El centro de datos moderno necesita poder satisfacer las demandas del negocio de forma r\u00e1pida y eficiente, ya que este se reinventa constantemente para mantenerse competitivo en la era digital. centro de datos,negocio,r\u00e1pida y eficiente,era digital,digital \u00bf Por qu\u00e9 escoger a ISTnetgroup ? Brindamos soluciones orientadas a la virtualizaci\u00f3n del centro de [&hellip;]<\/p>\n","protected":false},"author":1,"featured_media":0,"parent":0,"menu_order":0,"comment_status":"closed","ping_status":"closed","template":"","meta":{"_et_pb_use_builder":"on","_et_pb_old_content":"","_et_gb_content_width":"","footnotes":""},"class_list":["post-646","page","type-page","status-publish","hentry"],"_links":{"self":[{"href":"https:\/\/istnetgroup.com\/index.php\/wp-json\/wp\/v2\/pages\/646","targetHints":{"allow":["GET"]}}],"collection":[{"href":"https:\/\/istnetgroup.com\/index.php\/wp-json\/wp\/v2\/pages"}],"about":[{"href":"https:\/\/istnetgroup.com\/index.php\/wp-json\/wp\/v2\/types\/page"}],"author":[{"embeddable":true,"href":"https:\/\/istnetgroup.com\/index.php\/wp-json\/wp\/v2\/users\/1"}],"replies":[{"embeddable":true,"href":"https:\/\/istnetgroup.com\/index.php\/wp-json\/wp\/v2\/comments?post=646"}],"version-history":[{"count":30,"href":"https:\/\/istnetgroup.com\/index.php\/wp-json\/wp\/v2\/pages\/646\/revisions"}],"predecessor-version":[{"id":1683,"href":"https:\/\/istnetgroup.com\/index.php\/wp-json\/wp\/v2\/pages\/646\/revisions\/1683"}],"wp:attachment":[{"href":"https:\/\/istnetgroup.com\/index.php\/wp-json\/wp\/v2\/media?parent=646"}],"curies":[{"name":"wp","href":"https:\/\/api.w.org\/{rel}","templated":true}]}}