{"id":834,"date":"2019-04-15T00:06:37","date_gmt":"2019-04-15T04:06:37","guid":{"rendered":"http:\/\/mundo.grupotecnospirit.com\/?page_id=834"},"modified":"2019-06-20T05:01:56","modified_gmt":"2019-06-20T09:01:56","slug":"colaboracion-4","status":"publish","type":"page","link":"https:\/\/istnetgroup.com\/index.php\/colaboracion-4\/","title":{"rendered":"Colaboraci\u00f3n"},"content":{"rendered":"<p>[et_pb_section fb_built=\u00bb1&#8243; module_id=\u00bbseccion-nosotros\u00bb _builder_version=\u00bb3.19.5&#8243; custom_padding=\u00bb0|0px|0|0|false|false\u00bb][et_pb_row make_fullwidth=\u00bbon\u00bb _builder_version=\u00bb3.19.5&#8243;][et_pb_column type=\u00bb4_4&#8243; _builder_version=\u00bb3.19.5&#8243; parallax=\u00bboff\u00bb parallax_method=\u00bbon\u00bb][et_pb_text _builder_version=\u00bb3.19.5&#8243;]<\/p>\n<p>[rev_slider alias=\u00bbcolaboracion\u00bb]<\/p>\n<p>[\/et_pb_text][\/et_pb_column][\/et_pb_row][et_pb_row custom_padding=\u00bb53px|0px|0|0px|false|false\u00bb _builder_version=\u00bb3.19.5&#8243;][et_pb_column type=\u00bb4_4&#8243; _builder_version=\u00bb3.19.5&#8243; parallax=\u00bboff\u00bb parallax_method=\u00bbon\u00bb][et_pb_text _builder_version=\u00bb3.19.5&#8243; text_font=\u00bb|600|||||||\u00bb text_font_size=\u00bb41px\u00bb text_font_size_phone=\u00bb22px\u00bb text_font_size_last_edited=\u00bbon|phone\u00bb header_font=\u00bb||||||||\u00bb header_4_font=\u00bb||||||||\u00bb]<\/p>\n<p style=\"text-align: center;\">El Reto<\/p>\n<p style=\"text-align: center;\"><span style=\"color: #4a4a4a;\"><\/span><\/p>\n<p>[\/et_pb_text][\/et_pb_column][\/et_pb_row][et_pb_row custom_padding=\u00bb0|0px|0|0px|false|false\u00bb _builder_version=\u00bb3.19.5&#8243;][et_pb_column type=\u00bb4_4&#8243; _builder_version=\u00bb3.19.5&#8243; parallax=\u00bboff\u00bb parallax_method=\u00bbon\u00bb][et_pb_text _builder_version=\u00bb3.19.5&#8243;]<\/p>\n<blockquote>\n<p style=\"text-align: justify;\">La alta competitividad de la era digital trae la necesidad de lograr resultados de forma mucho m\u00e1s acelerada, lo cual requiere la colaboraci\u00f3n constante y en tiempo de real de los equipos de trabajo.<\/p>\n<\/blockquote>\n<blockquote>\n<p style=\"text-align: justify;\">La clave es incorporar el video como un elemento potenciador de la colaboraci\u00f3n adem\u00e1s de unificar los tipos tradicionales de comunicaci\u00f3n como correo, texto, mensajer\u00eda o telefon\u00eda.<\/p>\n<\/blockquote>\n<h1 style=\"color:white;font-size: 2px\">\ncompetitividad,era digital,video,comunicaci\u00f3n,correo,texto,mensajer\u00eda,telefon\u00eda<br \/>\n<\/h1>\n<p>[\/et_pb_text][\/et_pb_column][\/et_pb_row][et_pb_row custom_padding=\u00bb53px|0px|0|0px|false|false\u00bb _builder_version=\u00bb3.19.5&#8243;][et_pb_column type=\u00bb4_4&#8243; _builder_version=\u00bb3.19.5&#8243; parallax=\u00bboff\u00bb parallax_method=\u00bbon\u00bb][et_pb_text _builder_version=\u00bb3.19.5&#8243; text_font=\u00bb|600|||||||\u00bb text_font_size=\u00bb41px\u00bb text_font_size_phone=\u00bb22px\u00bb text_font_size_last_edited=\u00bbon|phone\u00bb header_font=\u00bb||||||||\u00bb header_4_font=\u00bb||||||||\u00bb]<\/p>\n<p style=\"text-align: center;\">\u00bf Por qu\u00e9 escoger a ISTnetgroup ?<\/p>\n<p style=\"text-align: center;\"><span style=\"color: #4a4a4a;\"><\/span><\/p>\n<p>[\/et_pb_text][\/et_pb_column][\/et_pb_row][et_pb_row custom_padding=\u00bb0|0px|0|0px|false|false\u00bb _builder_version=\u00bb3.19.5&#8243;][et_pb_column type=\u00bb4_4&#8243; _builder_version=\u00bb3.19.5&#8243; parallax=\u00bboff\u00bb parallax_method=\u00bbon\u00bb][et_pb_text _builder_version=\u00bb3.19.5&#8243;]<\/p>\n<blockquote>\n<p style=\"text-align: justify;\">Nuestras soluciones incorporan en una plataforma unificada todas las formas de contacto y colaboraci\u00f3n, y adem\u00e1s permiten utilizarlas en cualquier dispositivo m\u00f3vil o de escritorio, sin importar la ubicaci\u00f3n de los usuarios.<\/p>\n<\/blockquote>\n<h1 style=\"color:white;font-size: 2px\">\nsoluciones,plataforma unificada,dispositivo m\u00f3vil,escritorio,usuarios<br \/>\n<\/h1>\n<p>[\/et_pb_text][\/et_pb_column][\/et_pb_row][\/et_pb_section][et_pb_section fb_built=\u00bb1&#8243; module_id=\u00bbseccion-productosysoluciones\u00bb _builder_version=\u00bb3.19.5&#8243; background_color=\u00bb#f7f7f7&#8243; parallax=\u00bbon\u00bb custom_padding=\u00bb0|0px|54px|0px|false|false\u00bb][et_pb_row custom_padding=\u00bb53px|0px|30px|0px|false|false\u00bb _builder_version=\u00bb3.19.5&#8243;][et_pb_column type=\u00bb4_4&#8243; _builder_version=\u00bb3.19.5&#8243; parallax=\u00bboff\u00bb parallax_method=\u00bbon\u00bb][et_pb_text _builder_version=\u00bb3.19.5&#8243; text_font=\u00bb|600|||||||\u00bb text_font_size=\u00bb41px\u00bb text_font_size_phone=\u00bb22px\u00bb text_font_size_last_edited=\u00bbon|phone\u00bb header_font=\u00bb||||||||\u00bb header_4_font=\u00bb||||||||\u00bb]<\/p>\n<p style=\"text-align: center;\">Nuestras Soluciones<span style=\"color: #4a4a4a;\"><br \/> <\/span><\/p>\n<p style=\"text-align: center;\"><span style=\"color: #4a4a4a;\"><\/span><\/p>\n<p>[\/et_pb_text][\/et_pb_column][\/et_pb_row][et_pb_row custom_padding=\u00bb27px|0px|22px|0px|false|false\u00bb _builder_version=\u00bb3.19.5&#8243; animation_style=\u00bbslide\u00bb animation_direction=\u00bbleft\u00bb][et_pb_column type=\u00bb1_4&#8243; _builder_version=\u00bb3.19.5&#8243; parallax=\u00bboff\u00bb parallax_method=\u00bbon\u00bb][et_pb_blurb title=\u00bbComunicaciones Unificadas\u00bb image=\u00bbhttps:\/\/istnetgroup.com\/wp-content\/uploads\/2019\/06\/COMUNICACION-UNIFICADA.png\u00bb _builder_version=\u00bb3.19.5&#8243; header_font=\u00bb|800|||||||\u00bb text_orientation=\u00bbcenter\u00bb]<\/p>\n<p>Re\u00fane la voz, el video y la mensajer\u00eda en una sola plataforma que facilita la administraci\u00f3n, reduce los costos de TIC y aumenta la productividad de su equipo de trabajo.<\/p>\n<p>voz,video,mensajer\u00eda,plataforma,reducci\u00f3n de costos de TIC,reducci\u00f3n,costos,productividad<\/p>\n<p>[\/et_pb_blurb][\/et_pb_column][et_pb_column type=\u00bb1_4&#8243; _builder_version=\u00bb3.19.5&#8243; parallax=\u00bboff\u00bb parallax_method=\u00bbon\u00bb][et_pb_blurb title=\u00bbColaboraci\u00f3n en Equipo\u00bb image=\u00bbhttps:\/\/istnetgroup.com\/wp-content\/uploads\/2019\/06\/COLABORACION-EN-EQUIPO.png\u00bb _builder_version=\u00bb3.19.5&#8243; header_font=\u00bb|800|||||||\u00bb text_orientation=\u00bbcenter\u00bb]<\/p>\n<p>Potencia la productividad de sus equipos de trabajo permiti\u00e9ndoles estar siempre conectados y colaborar en tiempo real sin importar su ubicaci\u00f3n, compartiendo videos, llamadas, mensajer\u00eda, archivos y pizarras en un entorno virtual.<\/p>\n<p>voz,video,mensajer\u00eda,plataforma,reducci\u00f3n de costos de TIC,reducci\u00f3n,costos,productividad<\/p>\n<p>[\/et_pb_blurb][\/et_pb_column][et_pb_column type=\u00bb1_4&#8243; _builder_version=\u00bb3.19.5&#8243; parallax=\u00bboff\u00bb parallax_method=\u00bbon\u00bb][et_pb_blurb title=\u00bbContactCenter\u00bb image=\u00bbhttps:\/\/istnetgroup.com\/wp-content\/uploads\/2019\/06\/CALL-CENTER.png\u00bb _builder_version=\u00bb3.19.5&#8243; header_font=\u00bb|800|||||||\u00bb text_orientation=\u00bbcenter\u00bb]<\/p>\n<p>Transforma la interacci\u00f3n con clientes y aliados, desde simples llamadas telef\u00f3nicas a experiencias multimedia, a trav\u00e9s de diferentes canales de contacto, que mejoran la experiencia del usuario.<\/p>\n<p>[\/et_pb_blurb][\/et_pb_column][et_pb_column type=\u00bb1_4&#8243; _builder_version=\u00bb3.19.5&#8243; parallax=\u00bboff\u00bb parallax_method=\u00bbon\u00bb][et_pb_blurb title=\u00bbDispositivos de Telefon\u00eda y Video\u00bb image=\u00bbhttps:\/\/istnetgroup.com\/wp-content\/uploads\/2019\/06\/TELEFONIA-Y-VIDEO.png\u00bb content_max_width=\u00bb324px\u00bb _builder_version=\u00bb3.19.5&#8243; header_font=\u00bb|800|||||||\u00bb text_orientation=\u00bbcenter\u00bb]<\/p>\n<p>Ofrecemos terminales que van desde telefon\u00eda hasta video de alta definici\u00f3n, mensajer\u00eda y aplicaciones de colaboraci\u00f3n, tanto en equipos de escritorio como en soluciones de software para dispositivos m\u00f3viles.<\/p>\n<p>[\/et_pb_blurb][\/et_pb_column][\/et_pb_row][\/et_pb_section]<\/p>\n","protected":false},"excerpt":{"rendered":"<p>[rev_slider alias=\u00bbcolaboracion\u00bb] El Reto La alta competitividad de la era digital trae la necesidad de lograr resultados de forma mucho m\u00e1s acelerada, lo cual requiere la colaboraci\u00f3n constante y en tiempo de real de los equipos de trabajo. La clave es incorporar el video como un elemento potenciador de la colaboraci\u00f3n adem\u00e1s de unificar los [&hellip;]<\/p>\n","protected":false},"author":1,"featured_media":0,"parent":0,"menu_order":0,"comment_status":"closed","ping_status":"closed","template":"","meta":{"_et_pb_use_builder":"on","_et_pb_old_content":"","_et_gb_content_width":"","footnotes":""},"class_list":["post-834","page","type-page","status-publish","hentry"],"_links":{"self":[{"href":"https:\/\/istnetgroup.com\/index.php\/wp-json\/wp\/v2\/pages\/834","targetHints":{"allow":["GET"]}}],"collection":[{"href":"https:\/\/istnetgroup.com\/index.php\/wp-json\/wp\/v2\/pages"}],"about":[{"href":"https:\/\/istnetgroup.com\/index.php\/wp-json\/wp\/v2\/types\/page"}],"author":[{"embeddable":true,"href":"https:\/\/istnetgroup.com\/index.php\/wp-json\/wp\/v2\/users\/1"}],"replies":[{"embeddable":true,"href":"https:\/\/istnetgroup.com\/index.php\/wp-json\/wp\/v2\/comments?post=834"}],"version-history":[{"count":14,"href":"https:\/\/istnetgroup.com\/index.php\/wp-json\/wp\/v2\/pages\/834\/revisions"}],"predecessor-version":[{"id":1694,"href":"https:\/\/istnetgroup.com\/index.php\/wp-json\/wp\/v2\/pages\/834\/revisions\/1694"}],"wp:attachment":[{"href":"https:\/\/istnetgroup.com\/index.php\/wp-json\/wp\/v2\/media?parent=834"}],"curies":[{"name":"wp","href":"https:\/\/api.w.org\/{rel}","templated":true}]}}