{"id":863,"date":"2019-04-15T00:52:00","date_gmt":"2019-04-15T04:52:00","guid":{"rendered":"http:\/\/mundo.grupotecnospirit.com\/?page_id=863"},"modified":"2019-06-28T08:00:00","modified_gmt":"2019-06-28T12:00:00","slug":"ist-apps","status":"publish","type":"page","link":"https:\/\/istnetgroup.com\/index.php\/ist-apps\/","title":{"rendered":"IST Apps"},"content":{"rendered":"<p>[et_pb_section fb_built=\u00bb1&#8243; module_id=\u00bbseccion-nosotros\u00bb _builder_version=\u00bb3.19.5&#8243; custom_padding=\u00bb0|0px|0|0|false|false\u00bb][et_pb_row make_fullwidth=\u00bbon\u00bb _builder_version=\u00bb3.19.5&#8243;][et_pb_column type=\u00bb4_4&#8243; _builder_version=\u00bb3.19.5&#8243; parallax=\u00bboff\u00bb parallax_method=\u00bbon\u00bb][et_pb_text _builder_version=\u00bb3.19.5&#8243;]<\/p>\n<p>[rev_slider alias=\u00bbist-apps\u00bb]<\/p>\n<p>[\/et_pb_text][\/et_pb_column][\/et_pb_row][et_pb_row custom_padding=\u00bb53px|0px|0|0px|false|false\u00bb _builder_version=\u00bb3.19.5&#8243;][et_pb_column type=\u00bb4_4&#8243; _builder_version=\u00bb3.19.5&#8243; parallax=\u00bboff\u00bb parallax_method=\u00bbon\u00bb][et_pb_text _builder_version=\u00bb3.19.5&#8243; text_font=\u00bb|600|||||||\u00bb text_font_size=\u00bb41px\u00bb text_font_size_phone=\u00bb22px\u00bb text_font_size_last_edited=\u00bbon|phone\u00bb header_font=\u00bb||||||||\u00bb header_4_font=\u00bb||||||||\u00bb]<\/p>\n<p style=\"text-align: center;\">El Reto<\/p>\n<p style=\"text-align: center;\"><span style=\"color: #4a4a4a;\"><\/span><\/p>\n<p>[\/et_pb_text][\/et_pb_column][\/et_pb_row][et_pb_row custom_padding=\u00bb0|0px|0|0px|false|false\u00bb _builder_version=\u00bb3.19.5&#8243;][et_pb_column type=\u00bb4_4&#8243; _builder_version=\u00bb3.19.5&#8243; parallax=\u00bboff\u00bb parallax_method=\u00bbon\u00bb][et_pb_text _builder_version=\u00bb3.19.5&#8243; text_font=\u00bb||||||||\u00bb text_orientation=\u00bbjustified\u00bb]<\/p>\n<blockquote>\n<p>Las actividades rutinarias del negocio pueden ser tan abrumadoras que terminen consumiendo la mayor parte del tiempo, el cual podr\u00eda ser utilizado para actividades estrat\u00e9gicas.<\/p>\n<\/blockquote>\n<blockquote>\n<p>Se requieren soluciones que agilicen la operaci\u00f3n diaria y permitan a los departamentos acelerar la ejecuci\u00f3n de actividades claves y la toma de decisiones.<\/p>\n<\/blockquote>\n<p>[\/et_pb_text][\/et_pb_column][\/et_pb_row][et_pb_row custom_padding=\u00bb53px|0px|0|0px|false|false\u00bb _builder_version=\u00bb3.19.5&#8243;][et_pb_column type=\u00bb4_4&#8243; _builder_version=\u00bb3.19.5&#8243; parallax=\u00bboff\u00bb parallax_method=\u00bbon\u00bb][et_pb_text _builder_version=\u00bb3.19.5&#8243; text_font=\u00bb|600|||||||\u00bb text_font_size=\u00bb41px\u00bb text_font_size_phone=\u00bb22px\u00bb text_font_size_last_edited=\u00bbon|phone\u00bb header_font=\u00bb||||||||\u00bb header_4_font=\u00bb||||||||\u00bb]<\/p>\n<p style=\"text-align: center;\">\u00bf Por qu\u00e9 escoger a ISTnetgroup ?<\/p>\n<p>[\/et_pb_text][\/et_pb_column][\/et_pb_row][et_pb_row custom_padding=\u00bb30px|0px|0|0px|false|false\u00bb _builder_version=\u00bb3.19.5&#8243;][et_pb_column type=\u00bb4_4&#8243; _builder_version=\u00bb3.19.5&#8243; parallax=\u00bboff\u00bb parallax_method=\u00bbon\u00bb][et_pb_text _builder_version=\u00bb3.19.5&#8243; text_font=\u00bb||||||||\u00bb text_orientation=\u00bbjustified\u00bb]<\/p>\n<blockquote>\n<p>Brindamos soluciones de TI que automatizan los procesos, permitiendo as\u00ed al equipo de trabajo dedicarse a cumplir con los objetivos del negocio.<\/p>\n<\/blockquote>\n<p>[\/et_pb_text][\/et_pb_column][\/et_pb_row][\/et_pb_section][et_pb_section fb_built=\u00bb1&#8243; module_id=\u00bbseccion-productosysoluciones\u00bb _builder_version=\u00bb3.19.5&#8243; background_color=\u00bb#f7f7f7&#8243; parallax=\u00bbon\u00bb custom_padding=\u00bb0|0px|54px|0|false|false\u00bb][et_pb_row custom_padding=\u00bb53px|0px|30px|0px|false|false\u00bb _builder_version=\u00bb3.19.5&#8243;][et_pb_column type=\u00bb4_4&#8243; _builder_version=\u00bb3.19.5&#8243; parallax=\u00bboff\u00bb parallax_method=\u00bbon\u00bb][et_pb_text _builder_version=\u00bb3.19.5&#8243; text_font=\u00bb|600|||||||\u00bb text_font_size=\u00bb41px\u00bb text_font_size_phone=\u00bb22px\u00bb text_font_size_last_edited=\u00bbon|phone\u00bb header_font=\u00bb||||||||\u00bb header_4_font=\u00bb||||||||\u00bb]<\/p>\n<p style=\"text-align: center;\">Nuestras Soluciones<span style=\"color: #4a4a4a;\"><br \/> <\/span><\/p>\n<p style=\"text-align: center;\"><span style=\"color: #4a4a4a;\"><\/span><\/p>\n<p>[\/et_pb_text][\/et_pb_column][\/et_pb_row][et_pb_row custom_padding=\u00bb27px|0px|22px|0px|false|false\u00bb _builder_version=\u00bb3.19.5&#8243; animation_style=\u00bbslide\u00bb animation_direction=\u00bbleft\u00bb][et_pb_column type=\u00bb1_4&#8243; _builder_version=\u00bb3.19.5&#8243; parallax=\u00bboff\u00bb parallax_method=\u00bbon\u00bb][et_pb_blurb title=\u00bbCorreo Electr\u00f3nico Corporativo\u00bb image=\u00bbhttps:\/\/istnetgroup.com\/wp-content\/uploads\/2019\/06\/CORREO-ELECTRONICO.png\u00bb _builder_version=\u00bb3.19.5&#8243; header_font=\u00bb|800|||||||\u00bb text_orientation=\u00bbcenter\u00bb]<\/p>\n<p>Soluciones orientadas al servicio de mensajer\u00eda de colaboraci\u00f3n (groupware) que permiten compartir, almacenar y organizar mensajes de correo electr\u00f3nico, citas, contactos, tareas, documentos en sus instalaciones o en la nube.<\/p>\n<p>[\/et_pb_blurb][\/et_pb_column][et_pb_column type=\u00bb1_4&#8243; _builder_version=\u00bb3.19.5&#8243; parallax=\u00bboff\u00bb parallax_method=\u00bbon\u00bb][et_pb_blurb title=\u00bbGesti\u00f3n de Proyectos\u00bb image=\u00bbhttps:\/\/istnetgroup.com\/wp-content\/uploads\/2019\/06\/GESTION-DE-PROYECTOS.png\u00bb _builder_version=\u00bb3.19.5&#8243; header_font=\u00bb|800|||||||\u00bb text_orientation=\u00bbcenter\u00bb]<\/p>\n<p>Software de gesti\u00f3n que centraliza y optimiza el ciclo de vida del proyecto, permitiendo a los equipos colaborar de forma r\u00e1pida y eficiente.<\/p>\n<p>[\/et_pb_blurb][\/et_pb_column][et_pb_column type=\u00bb1_4&#8243; _builder_version=\u00bb3.19.5&#8243; parallax=\u00bboff\u00bb parallax_method=\u00bbon\u00bb][et_pb_blurb title=\u00bbGesti\u00f3n de Servicios Tecnol\u00f3gicos\u00bb image=\u00bbhttps:\/\/istnetgroup.com\/wp-content\/uploads\/2019\/06\/GESTION-DE-SERVICIO.png\u00bb _builder_version=\u00bb3.19.5&#8243; header_font=\u00bb|800|||||||\u00bb text_orientation=\u00bbcenter\u00bb]<\/p>\n<p>Software de gesti\u00f3n basado en la metodolog\u00eda ITIL para el registro y control de gesti\u00f3n de eventos, incidentes, requerimientos, gesti\u00f3n de problemas, gesti\u00f3n de cambios y gesti\u00f3n de cumplimiento de niveles de servicios.<\/p>\n<p>[\/et_pb_blurb][\/et_pb_column][et_pb_column type=\u00bb1_4&#8243; _builder_version=\u00bb3.19.5&#8243; parallax=\u00bboff\u00bb parallax_method=\u00bbon\u00bb][et_pb_blurb title=\u00bbGesti\u00f3n Documental y Digitalizaci\u00f3n\u00bb image=\u00bbhttps:\/\/istnetgroup.com\/wp-content\/uploads\/2019\/06\/GESTION-DOCUMENTAL-1.png\u00bb content_max_width=\u00bb324px\u00bb _builder_version=\u00bb3.19.5&#8243; header_font=\u00bb|800|||||||\u00bb text_orientation=\u00bbcenter\u00bb]<\/p>\n<p>Soluci\u00f3n que almacena, administra y controla el flujo de documentos dentro de una organizaci\u00f3n. Permite a los usuarios acceder de forma f\u00e1cil y sencilla a los documentos e im\u00e1genes digitales en un sitio centralizado.<\/p>\n<p>[\/et_pb_blurb][\/et_pb_column][\/et_pb_row][et_pb_row custom_padding=\u00bb27px|0px|22px|0px|false|false\u00bb _builder_version=\u00bb3.19.5&#8243; animation_style=\u00bbslide\u00bb animation_direction=\u00bbleft\u00bb][et_pb_column type=\u00bb1_4&#8243; _builder_version=\u00bb3.19.5&#8243; parallax=\u00bboff\u00bb parallax_method=\u00bbon\u00bb][et_pb_blurb title=\u00bbGesti\u00f3n ERP\u00bb image=\u00bbhttps:\/\/istnetgroup.com\/wp-content\/uploads\/2019\/06\/ERP.png\u00bb content_max_width=\u00bb324px\u00bb _builder_version=\u00bb3.19.5&#8243; header_font=\u00bb|800|||||||\u00bb text_orientation=\u00bbcenter\u00bb]<\/p>\n<p>Software de ERP que integra los procesos de la empresa y que simplifica la comunicaci\u00f3n y colaboraci\u00f3n entre todos los departamentos.<\/p>\n<p>[\/et_pb_blurb][\/et_pb_column][et_pb_column type=\u00bb1_4&#8243; _builder_version=\u00bb3.19.5&#8243; parallax=\u00bboff\u00bb parallax_method=\u00bbon\u00bb][et_pb_blurb title=\u00bbInventario Autom\u00e1tico\u00bb image=\u00bbhttps:\/\/istnetgroup.com\/wp-content\/uploads\/2019\/06\/INVENTARIO.png\u00bb _builder_version=\u00bb3.19.5&#8243; header_font=\u00bb|800|||||||\u00bb text_orientation=\u00bbcenter\u00bb]<\/p>\n<p>Control automatizado del inventario de los activos de TI, tanto para el hardware como para el software. Incluye el despliegue e instalaci\u00f3n de actualizaciones masivas de software.<\/p>\n<p>[\/et_pb_blurb][\/et_pb_column][et_pb_column type=\u00bb1_4&#8243; _builder_version=\u00bb3.19.5&#8243; parallax=\u00bboff\u00bb parallax_method=\u00bbon\u00bb][et_pb_blurb title=\u00bbMonitoreo\u00bb image=\u00bbhttps:\/\/istnetgroup.com\/wp-content\/uploads\/2019\/06\/MONITOREO.png\u00bb _builder_version=\u00bb3.19.5&#8243; header_font=\u00bb|800|||||||\u00bb text_orientation=\u00bbcenter\u00bb]<\/p>\n<p>Soluci\u00f3n de monitoreo para cualquier tipo de infraestructura de TI, servicios y aplicaciones.<\/p>\n<p>[\/et_pb_blurb][\/et_pb_column][et_pb_column type=\u00bb1_4&#8243; _builder_version=\u00bb3.19.5&#8243; parallax=\u00bboff\u00bb parallax_method=\u00bbon\u00bb][et_pb_blurb title=\u00bbRespaldo y Recuperaci\u00f3n\u00bb image=\u00bbhttps:\/\/istnetgroup.com\/wp-content\/uploads\/2019\/06\/RESPALDO-Y-RECUPERACION.png\u00bb content_max_width=\u00bb324px\u00bb _builder_version=\u00bb3.19.5&#8243; header_font=\u00bb|800|||||||\u00bb text_orientation=\u00bbcenter\u00bb]<\/p>\n<p>Soluciones que permiten garantizar el respaldo y la recuperaci\u00f3n de datos en caso de cualquier p\u00e9rdida de informaci\u00f3n o situaciones de desastre.<\/p>\n<p>[\/et_pb_blurb][\/et_pb_column][\/et_pb_row][et_pb_row custom_padding=\u00bb27px|0px|22px|0px|false|false\u00bb _builder_version=\u00bb3.19.5&#8243; animation_style=\u00bbslide\u00bb animation_direction=\u00bbleft\u00bb][et_pb_column type=\u00bb1_4&#8243; _builder_version=\u00bb3.19.5&#8243; parallax=\u00bboff\u00bb parallax_method=\u00bbon\u00bb][et_pb_blurb title=\u00bbRespaldo y Recuperaci\u00f3n de Estaciones cr\u00edticas\u00bb image=\u00bbhttps:\/\/istnetgroup.com\/wp-content\/uploads\/2019\/06\/STORAGE.png\u00bb _builder_version=\u00bb3.19.5&#8243; header_font=\u00bb|800|||||||\u00bb text_orientation=\u00bbcenter\u00bb]<\/p>\n<p><span>Automatizaci\u00f3n y centralizaci\u00f3n del respaldo y la recuperaci\u00f3n de las estaciones cr\u00edticas utilizando su red corporativa.<\/span><\/p>\n<p>[\/et_pb_blurb][\/et_pb_column][et_pb_column type=\u00bb1_4&#8243; _builder_version=\u00bb3.19.5&#8243; parallax=\u00bboff\u00bb parallax_method=\u00bbon\u00bb][et_pb_blurb title=\u00bbVirtualizaci\u00f3n de Ambientes\u00bb image=\u00bbhttps:\/\/istnetgroup.com\/wp-content\/uploads\/2019\/06\/VIRTUALIZACION-1.png\u00bb _builder_version=\u00bb3.19.5&#8243; header_font=\u00bb|800|||||||\u00bb text_orientation=\u00bbcenter\u00bb]<\/p>\n<p>Virtualizaci\u00f3n del entorno de TI que permite optimizar sus recursos y reducir costos.<\/p>\n<p>[\/et_pb_blurb][\/et_pb_column][et_pb_column type=\u00bb1_4&#8243; _builder_version=\u00bb3.19.5&#8243; parallax=\u00bboff\u00bb parallax_method=\u00bbon\u00bb][et_pb_blurb title=\u00bbSIEM\u00bb image=\u00bbhttps:\/\/istnetgroup.com\/wp-content\/uploads\/2019\/06\/SIEM.png\u00bb _builder_version=\u00bb3.19.5&#8243; header_font=\u00bb|800|||||||\u00bb text_orientation=\u00bbcenter\u00bb]<\/p>\n<p>Permite descubrir sus activos, descubrir vulnerabilidades, detecci\u00f3n de intrusiones y la correlaci\u00f3n de eventos de seguridad.<\/p>\n<p>[\/et_pb_blurb][\/et_pb_column][et_pb_column type=\u00bb1_4&#8243; _builder_version=\u00bb3.19.5&#8243; parallax=\u00bboff\u00bb parallax_method=\u00bbon\u00bb][et_pb_blurb title=\u00bbCRM\u00bb image=\u00bbhttps:\/\/istnetgroup.com\/wp-content\/uploads\/2019\/06\/CRM.png\u00bb content_max_width=\u00bb324px\u00bb _builder_version=\u00bb3.19.5&#8243; header_font=\u00bb|800|||||||\u00bb text_orientation=\u00bbcenter\u00bb]<\/p>\n<p>soluciones orientadas a la automatizaci\u00f3n del proceso de ventas, servicios y soporte al cliente e implementaci\u00f3n de herramientas para marketing digital.<\/p>\n<p>[\/et_pb_blurb][\/et_pb_column][\/et_pb_row][\/et_pb_section]<\/p>\n","protected":false},"excerpt":{"rendered":"<p>[rev_slider alias=\u00bbist-apps\u00bb]El Reto Las actividades rutinarias del negocio pueden ser tan abrumadoras que terminen consumiendo la mayor parte del tiempo, el cual podr\u00eda ser utilizado para actividades estrat\u00e9gicas. Se requieren soluciones que agilicen la operaci\u00f3n diaria y permitan a los departamentos acelerar la ejecuci\u00f3n de actividades claves y la toma de decisiones. \u00bf Por qu\u00e9 [&hellip;]<\/p>\n","protected":false},"author":1,"featured_media":0,"parent":0,"menu_order":0,"comment_status":"closed","ping_status":"closed","template":"","meta":{"_et_pb_use_builder":"on","_et_pb_old_content":"","_et_gb_content_width":"","footnotes":""},"class_list":["post-863","page","type-page","status-publish","hentry"],"_links":{"self":[{"href":"https:\/\/istnetgroup.com\/index.php\/wp-json\/wp\/v2\/pages\/863","targetHints":{"allow":["GET"]}}],"collection":[{"href":"https:\/\/istnetgroup.com\/index.php\/wp-json\/wp\/v2\/pages"}],"about":[{"href":"https:\/\/istnetgroup.com\/index.php\/wp-json\/wp\/v2\/types\/page"}],"author":[{"embeddable":true,"href":"https:\/\/istnetgroup.com\/index.php\/wp-json\/wp\/v2\/users\/1"}],"replies":[{"embeddable":true,"href":"https:\/\/istnetgroup.com\/index.php\/wp-json\/wp\/v2\/comments?post=863"}],"version-history":[{"count":26,"href":"https:\/\/istnetgroup.com\/index.php\/wp-json\/wp\/v2\/pages\/863\/revisions"}],"predecessor-version":[{"id":1770,"href":"https:\/\/istnetgroup.com\/index.php\/wp-json\/wp\/v2\/pages\/863\/revisions\/1770"}],"wp:attachment":[{"href":"https:\/\/istnetgroup.com\/index.php\/wp-json\/wp\/v2\/media?parent=863"}],"curies":[{"name":"wp","href":"https:\/\/api.w.org\/{rel}","templated":true}]}}