{"id":877,"date":"2019-04-15T01:50:52","date_gmt":"2019-04-15T05:50:52","guid":{"rendered":"http:\/\/mundo.grupotecnospirit.com\/?page_id=877"},"modified":"2019-06-20T05:09:55","modified_gmt":"2019-06-20T09:09:55","slug":"conectividad-simple-4","status":"publish","type":"page","link":"https:\/\/istnetgroup.com\/index.php\/conectividad-simple-4\/","title":{"rendered":"Conectividad Simple"},"content":{"rendered":"<p>[et_pb_section fb_built=\u00bb1&#8243; module_id=\u00bbseccion-nosotros\u00bb _builder_version=\u00bb3.19.5&#8243; custom_padding=\u00bb0|0px|0|0|false|false\u00bb][et_pb_row make_fullwidth=\u00bbon\u00bb _builder_version=\u00bb3.19.5&#8243;][et_pb_column type=\u00bb4_4&#8243; _builder_version=\u00bb3.19.5&#8243; parallax=\u00bboff\u00bb parallax_method=\u00bbon\u00bb][et_pb_text _builder_version=\u00bb3.19.5&#8243;]<\/p>\n<p>[rev_slider alias=\u00bbconectividad-simple\u00bb]<\/p>\n<p>[\/et_pb_text][\/et_pb_column][\/et_pb_row][et_pb_row custom_padding=\u00bb53px|0px|0|0px|false|false\u00bb _builder_version=\u00bb3.19.5&#8243;][et_pb_column type=\u00bb4_4&#8243; _builder_version=\u00bb3.19.5&#8243; parallax=\u00bboff\u00bb parallax_method=\u00bbon\u00bb][et_pb_text _builder_version=\u00bb3.19.5&#8243; text_font=\u00bb|600|||||||\u00bb text_font_size=\u00bb41px\u00bb text_font_size_phone=\u00bb22px\u00bb text_font_size_last_edited=\u00bbon|phone\u00bb header_font=\u00bb||||||||\u00bb header_4_font=\u00bb||||||||\u00bb]<\/p>\n<p style=\"text-align: center;\">El Reto<\/p>\n<p style=\"text-align: center;\"><span style=\"color: #4a4a4a;\"><\/span><\/p>\n<p>[\/et_pb_text][\/et_pb_column][\/et_pb_row][et_pb_row custom_padding=\u00bb0|0px|0|0px|false|false\u00bb _builder_version=\u00bb3.19.5&#8243;][et_pb_column type=\u00bb4_4&#8243; _builder_version=\u00bb3.19.5&#8243; parallax=\u00bboff\u00bb parallax_method=\u00bbon\u00bb][et_pb_text _builder_version=\u00bb3.19.5&#8243;]<\/p>\n<blockquote>\n<p style=\"text-align: justify;\">Muchas empresas necesitan una infraestructura de red que satisfaga las complejas demandadas del negocio, pero no poseen los recursos de TIC necesarios para instalarlas y administrarlas de forma r\u00e1pida y sencilla, lo cual se complica por la distancia geogr\u00e1fica entre las oficinas y el r\u00e1pido crecimiento de sus usuarios.<\/p>\n<\/blockquote>\n<blockquote>\n<p style=\"text-align: justify;\">Se requieren soluciones de conectividad, escalables y de f\u00e1cil administraci\u00f3n, que brinden agilidad al negocio, para enfrentar los retos de la era digital.<\/p>\n<\/blockquote>\n<p>[\/et_pb_text][\/et_pb_column][\/et_pb_row][et_pb_row custom_padding=\u00bb53px|0px|0|0px|false|false\u00bb _builder_version=\u00bb3.19.5&#8243;][et_pb_column type=\u00bb4_4&#8243; _builder_version=\u00bb3.19.5&#8243; parallax=\u00bboff\u00bb parallax_method=\u00bbon\u00bb][et_pb_text _builder_version=\u00bb3.19.5&#8243; text_font=\u00bb|600|||||||\u00bb text_font_size=\u00bb41px\u00bb text_font_size_phone=\u00bb22px\u00bb text_font_size_last_edited=\u00bbon|phone\u00bb header_font=\u00bb||||||||\u00bb header_4_font=\u00bb||||||||\u00bb]<\/p>\n<p style=\"text-align: center;\">\u00bf Por qu\u00e9 escoger a ISTnetgroup ?<\/p>\n<p style=\"text-align: center;\"><span style=\"color: #4a4a4a;\"><\/span><\/p>\n<p>[\/et_pb_text][\/et_pb_column][\/et_pb_row][et_pb_row custom_padding=\u00bb0|0px|0|0px|false|false\u00bb _builder_version=\u00bb3.19.5&#8243;][et_pb_column type=\u00bb4_4&#8243; _builder_version=\u00bb3.19.5&#8243; parallax=\u00bboff\u00bb parallax_method=\u00bbon\u00bb][et_pb_text _builder_version=\u00bb3.19.5&#8243;]<\/p>\n<blockquote>\n<p style=\"text-align: justify;\">En conjunto con nuestro aliado de negocios Cisco-Meraki, traemos el concepto de conectividad simple, que permite la instalaci\u00f3n, configuraci\u00f3n y administraci\u00f3n de una soluci\u00f3n completa de conectividad, administrada de forma r\u00e1pida e intuitiva desde la nube, sin importar el tama\u00f1o o la separaci\u00f3n geogr\u00e1fica de las oficinas.<\/p>\n<\/blockquote>\n<blockquote>\n<p style=\"text-align: justify;\">Cualquier empresa con pocos recursos o conocimientos de IT podr\u00e1 instalar y administrar sus redes LAN, WAN, Inal\u00e1mbricas y seguridad en minutos, a trav\u00e9s de un solo portal web.<\/p>\n<\/blockquote>\n<p>[\/et_pb_text][\/et_pb_column][\/et_pb_row][\/et_pb_section][et_pb_section fb_built=\u00bb1&#8243; module_id=\u00bbseccion-productosysoluciones\u00bb _builder_version=\u00bb3.19.5&#8243; background_color=\u00bb#f7f7f7&#8243; parallax=\u00bbon\u00bb custom_padding=\u00bb0|0px|54px|0px|false|false\u00bb][et_pb_row custom_padding=\u00bb53px|0px|30px|0px|false|false\u00bb _builder_version=\u00bb3.19.5&#8243;][et_pb_column type=\u00bb4_4&#8243; _builder_version=\u00bb3.19.5&#8243; parallax=\u00bboff\u00bb parallax_method=\u00bbon\u00bb][et_pb_text _builder_version=\u00bb3.19.5&#8243; text_font=\u00bb|600|||||||\u00bb text_font_size=\u00bb41px\u00bb text_font_size_phone=\u00bb22px\u00bb text_font_size_last_edited=\u00bbon|phone\u00bb header_font=\u00bb||||||||\u00bb header_4_font=\u00bb||||||||\u00bb]<\/p>\n<p style=\"text-align: center;\">Nuestras Soluciones<span style=\"color: #4a4a4a;\"><br \/> <\/span><\/p>\n<p style=\"text-align: center;\"><span style=\"color: #4a4a4a;\"><\/span><\/p>\n<p>[\/et_pb_text][\/et_pb_column][\/et_pb_row][et_pb_row custom_padding=\u00bb27px|0px|22px|0px|false|false\u00bb _builder_version=\u00bb3.19.5&#8243; animation_style=\u00bbslide\u00bb animation_direction=\u00bbleft\u00bb][et_pb_column type=\u00bb1_3&#8243; _builder_version=\u00bb3.19.5&#8243; parallax=\u00bboff\u00bb parallax_method=\u00bbon\u00bb][et_pb_blurb title=\u00bbLAN y WAN Unificado\u00bb image=\u00bbhttps:\/\/istnetgroup.com\/wp-content\/uploads\/2019\/06\/LAN-Y-WAN-UNIFICADO.png\u00bb _builder_version=\u00bb3.19.5&#8243; header_font=\u00bb|800|||||||\u00bb text_orientation=\u00bbcenter\u00bb]<\/p>\n<p>Una sola consola de administraci\u00f3n en la nube para redes LAN, WAN e inal\u00e1mbricas que facilita la configuraci\u00f3n, actualizaci\u00f3n y despliegue r\u00e1pido de pol\u00edticas.<\/p>\n<p>[\/et_pb_blurb][\/et_pb_column][et_pb_column type=\u00bb1_3&#8243; _builder_version=\u00bb3.19.5&#8243; parallax=\u00bboff\u00bb parallax_method=\u00bbon\u00bb][et_pb_blurb title=\u00bbFirewall de Nueva Generaci\u00f3n\u00bb image=\u00bbhttps:\/\/istnetgroup.com\/wp-content\/uploads\/2019\/06\/FIREWALL-DE-NUEVA-GENERACION.png\u00bb _builder_version=\u00bb3.19.5&#8243; header_font=\u00bb|800|||||||\u00bb text_orientation=\u00bbcenter\u00bb]<\/p>\n<p>Firewalls de nueva generaci\u00f3n que permiten, contenci\u00f3n de malware, prevenci\u00f3n de intrusos y acceso VPN con una administraci\u00f3n simple e intuitiva desde la nube.<\/p>\n<p>[\/et_pb_blurb][\/et_pb_column][et_pb_column type=\u00bb1_3&#8243; _builder_version=\u00bb3.19.5&#8243; parallax=\u00bboff\u00bb parallax_method=\u00bbon\u00bb][et_pb_blurb title=\u00bbSD-WAN\u00bb image=\u00bbhttps:\/\/istnetgroup.com\/wp-content\/uploads\/2019\/06\/SD-WAN.png\u00bb _builder_version=\u00bb3.19.5&#8243; header_font=\u00bb|800|||||||\u00bb text_orientation=\u00bbcenter\u00bb]<\/p>\n<p>Enrutamiento inteligente basado en pol\u00edticas que permite el acceso a las aplicaciones de forma simple, \u00f3ptima y de f\u00e1cil administraci\u00f3n, desde las oficinas remotas hacia el centro de datos o hacia la nube.<\/p>\n<p>[\/et_pb_blurb][\/et_pb_column][\/et_pb_row][et_pb_row custom_padding=\u00bb27px|0px|22px|0px|false|false\u00bb _builder_version=\u00bb3.19.5&#8243; animation_style=\u00bbslide\u00bb animation_direction=\u00bbleft\u00bb][et_pb_column type=\u00bb1_3&#8243; _builder_version=\u00bb3.19.5&#8243; parallax=\u00bboff\u00bb parallax_method=\u00bbon\u00bb][et_pb_blurb title=\u00bbBYOD\u00bb image=\u00bbhttps:\/\/istnetgroup.com\/wp-content\/uploads\/2019\/06\/BYOD.png\u00bb content_max_width=\u00bb324px\u00bb _builder_version=\u00bb3.19.5&#8243; header_font=\u00bb|800|||||||\u00bb text_orientation=\u00bbcenter\u00bb]<\/p>\n<p>Controla qui\u00e9n se conecta, c\u00f3mo se conecta y cu\u00e1ndo se conecta a la red empresarial, mediante pol\u00edticas para usuarios y dispositivos, ya sean estos \u00faltimos m\u00f3viles o PCs.<\/p>\n<p>[\/et_pb_blurb][\/et_pb_column][et_pb_column type=\u00bb1_3&#8243; _builder_version=\u00bb3.19.5&#8243; parallax=\u00bboff\u00bb parallax_method=\u00bbon\u00bb][et_pb_blurb title=\u00bbMobile Device Management\u00bb image=\u00bbhttps:\/\/istnetgroup.com\/wp-content\/uploads\/2019\/06\/MOVIL-DEVICE.png\u00bb content_max_width=\u00bb324px\u00bb _builder_version=\u00bb3.19.5&#8243; header_font=\u00bb|800|||||||\u00bb text_orientation=\u00bbcenter\u00bb]<\/p>\n<p>Administra y controla el uso de dispositivos m\u00f3viles, Macs y PCs desde una plataforma centralizada en la nube, sin importar la ubicaci\u00f3n geogr\u00e1fica o el n\u00famero de dispositivos finales.<\/p>\n<p>[\/et_pb_blurb][\/et_pb_column][et_pb_column type=\u00bb1_3&#8243; _builder_version=\u00bb3.19.5&#8243; parallax=\u00bboff\u00bb parallax_method=\u00bbon\u00bb][et_pb_blurb title=\u00bbMeraki Insight\u00bb image=\u00bbhttps:\/\/istnetgroup.com\/wp-content\/uploads\/2019\/06\/MERAKINSINGHT.png\u00bb _builder_version=\u00bb3.19.5&#8243; header_font=\u00bb|800|||||||\u00bb text_orientation=\u00bbcenter\u00bb]<\/p>\n<p>Visi\u00f3n hol\u00edstica de la infraestructura de red que acelera la resoluci\u00f3n de problemas para mejorar la experiencia del usuario.<\/p>\n<p>[\/et_pb_blurb][\/et_pb_column][\/et_pb_row][\/et_pb_section]<\/p>\n","protected":false},"excerpt":{"rendered":"<p>[rev_slider alias=\u00bbconectividad-simple\u00bb] El Reto Muchas empresas necesitan una infraestructura de red que satisfaga las complejas demandadas del negocio, pero no poseen los recursos de TIC necesarios para instalarlas y administrarlas de forma r\u00e1pida y sencilla, lo cual se complica por la distancia geogr\u00e1fica entre las oficinas y el r\u00e1pido crecimiento de sus usuarios. Se requieren [&hellip;]<\/p>\n","protected":false},"author":1,"featured_media":0,"parent":0,"menu_order":0,"comment_status":"closed","ping_status":"closed","template":"","meta":{"_et_pb_use_builder":"on","_et_pb_old_content":"","_et_gb_content_width":"","footnotes":""},"class_list":["post-877","page","type-page","status-publish","hentry"],"_links":{"self":[{"href":"https:\/\/istnetgroup.com\/index.php\/wp-json\/wp\/v2\/pages\/877","targetHints":{"allow":["GET"]}}],"collection":[{"href":"https:\/\/istnetgroup.com\/index.php\/wp-json\/wp\/v2\/pages"}],"about":[{"href":"https:\/\/istnetgroup.com\/index.php\/wp-json\/wp\/v2\/types\/page"}],"author":[{"embeddable":true,"href":"https:\/\/istnetgroup.com\/index.php\/wp-json\/wp\/v2\/users\/1"}],"replies":[{"embeddable":true,"href":"https:\/\/istnetgroup.com\/index.php\/wp-json\/wp\/v2\/comments?post=877"}],"version-history":[{"count":14,"href":"https:\/\/istnetgroup.com\/index.php\/wp-json\/wp\/v2\/pages\/877\/revisions"}],"predecessor-version":[{"id":1700,"href":"https:\/\/istnetgroup.com\/index.php\/wp-json\/wp\/v2\/pages\/877\/revisions\/1700"}],"wp:attachment":[{"href":"https:\/\/istnetgroup.com\/index.php\/wp-json\/wp\/v2\/media?parent=877"}],"curies":[{"name":"wp","href":"https:\/\/api.w.org\/{rel}","templated":true}]}}