{"id":884,"date":"2019-04-15T02:06:12","date_gmt":"2019-04-15T06:06:12","guid":{"rendered":"http:\/\/mundo.grupotecnospirit.com\/?page_id=884"},"modified":"2019-06-20T05:50:59","modified_gmt":"2019-06-20T09:50:59","slug":"pyme-3","status":"publish","type":"page","link":"https:\/\/istnetgroup.com\/index.php\/pyme-3\/","title":{"rendered":"PyMe"},"content":{"rendered":"<p>[et_pb_section fb_built=\u00bb1&#8243; module_id=\u00bbseccion-nosotros\u00bb _builder_version=\u00bb3.19.5&#8243; custom_padding=\u00bb0|0px|0|0|false|false\u00bb][et_pb_row make_fullwidth=\u00bbon\u00bb _builder_version=\u00bb3.19.5&#8243;][et_pb_column type=\u00bb4_4&#8243; _builder_version=\u00bb3.19.5&#8243; parallax=\u00bboff\u00bb parallax_method=\u00bbon\u00bb][et_pb_text _builder_version=\u00bb3.19.5&#8243;]<\/p>\n<p>[rev_slider alias=\u00bbpyme\u00bb]<\/p>\n<p>[\/et_pb_text][\/et_pb_column][\/et_pb_row][et_pb_row custom_padding=\u00bb53px|0px|0|0px|false|false\u00bb _builder_version=\u00bb3.19.5&#8243;][et_pb_column type=\u00bb4_4&#8243; _builder_version=\u00bb3.19.5&#8243; parallax=\u00bboff\u00bb parallax_method=\u00bbon\u00bb][et_pb_text _builder_version=\u00bb3.19.5&#8243; text_font=\u00bb|600|||||||\u00bb text_font_size=\u00bb41px\u00bb text_font_size_phone=\u00bb22px\u00bb text_font_size_last_edited=\u00bbon|phone\u00bb header_font=\u00bb||||||||\u00bb header_4_font=\u00bb||||||||\u00bb]<\/p>\n<p style=\"text-align: center;\">El Reto<\/p>\n<p style=\"text-align: center;\"><span style=\"color: #4a4a4a;\"><\/span><\/p>\n<p>[\/et_pb_text][\/et_pb_column][\/et_pb_row][et_pb_row custom_padding=\u00bb0|0px|0|0px|false|false\u00bb _builder_version=\u00bb3.19.5&#8243;][et_pb_column type=\u00bb4_4&#8243; _builder_version=\u00bb3.19.5&#8243; parallax=\u00bboff\u00bb parallax_method=\u00bbon\u00bb][et_pb_text _builder_version=\u00bb3.19.5&#8243;]<\/p>\n<blockquote>\n<p style=\"text-align: justify;\">Para prosperar en un ambiente altamente competitivo liderado por empresas digitales, la peque\u00f1a y mediana empresa necesita una infraestructura de TIC capaz de afrontar los distintos retos de la transformaci\u00f3n digital como por ejemplo la movilidad, el acceso a la nube (p\u00fablica, privada o h\u00edbrida), la ciberseguridad, el internet de las cosas (IoT) y el manejo de grandes cantidades de informaci\u00f3n; Por lo tanto, la PYME necesita realizar inversiones estrat\u00e9gicas en tecnolog\u00eda, sin contar con grandes presupuestos para tales inversiones.<\/p>\n<\/blockquote>\n<p>[\/et_pb_text][\/et_pb_column][\/et_pb_row][et_pb_row custom_padding=\u00bb53px|0px|0|0px|false|false\u00bb _builder_version=\u00bb3.19.5&#8243;][et_pb_column type=\u00bb4_4&#8243; _builder_version=\u00bb3.19.5&#8243; parallax=\u00bboff\u00bb parallax_method=\u00bbon\u00bb][et_pb_text _builder_version=\u00bb3.19.5&#8243; text_font=\u00bb|600|||||||\u00bb text_font_size=\u00bb41px\u00bb text_font_size_phone=\u00bb22px\u00bb text_font_size_last_edited=\u00bbon|phone\u00bb header_font=\u00bb||||||||\u00bb header_4_font=\u00bb||||||||\u00bb]<\/p>\n<p style=\"text-align: center;\">\u00bf Por qu\u00e9 escoger a ISTnetgroup ?<\/p>\n<p style=\"text-align: center;\"><span style=\"color: #4a4a4a;\"><\/span><\/p>\n<p>[\/et_pb_text][\/et_pb_column][\/et_pb_row][et_pb_row custom_padding=\u00bb0|0px|0|0px|false|false\u00bb _builder_version=\u00bb3.19.5&#8243;][et_pb_column type=\u00bb4_4&#8243; _builder_version=\u00bb3.19.5&#8243; parallax=\u00bboff\u00bb parallax_method=\u00bbon\u00bb][et_pb_text _builder_version=\u00bb3.19.5&#8243;]<\/p>\n<blockquote>\n<p style=\"text-align: justify;\">Ofrecemos soluciones robustas, enfocadas en satisfacer las altas demandas tecnol\u00f3gicas de la era digital, pero dise\u00f1adas para poder ser adquiridas, implementadas y administradas por empresas con presupuestos limitados y escasos recursos de TI.<\/p>\n<\/blockquote>\n<p>[\/et_pb_text][\/et_pb_column][\/et_pb_row][\/et_pb_section][et_pb_section fb_built=\u00bb1&#8243; module_id=\u00bbseccion-productosysoluciones\u00bb _builder_version=\u00bb3.19.5&#8243; background_color=\u00bb#f7f7f7&#8243; parallax=\u00bbon\u00bb custom_padding=\u00bb0|0px|54px|0px|false|false\u00bb][et_pb_row custom_padding=\u00bb53px|0px|30px|0px|false|false\u00bb _builder_version=\u00bb3.19.5&#8243;][et_pb_column type=\u00bb4_4&#8243; _builder_version=\u00bb3.19.5&#8243; parallax=\u00bboff\u00bb parallax_method=\u00bbon\u00bb][et_pb_text _builder_version=\u00bb3.19.5&#8243; text_font=\u00bb|600|||||||\u00bb text_font_size=\u00bb41px\u00bb text_font_size_phone=\u00bb22px\u00bb text_font_size_last_edited=\u00bbon|phone\u00bb header_font=\u00bb||||||||\u00bb header_4_font=\u00bb||||||||\u00bb]<\/p>\n<p style=\"text-align: center;\">Nuestras Soluciones<span style=\"color: #4a4a4a;\"><br \/> <\/span><\/p>\n<p style=\"text-align: center;\"><span style=\"color: #4a4a4a;\"><\/span><\/p>\n<p>[\/et_pb_text][\/et_pb_column][\/et_pb_row][et_pb_row custom_padding=\u00bb27px|0px|22px|0px|false|false\u00bb _builder_version=\u00bb3.19.5&#8243; animation_style=\u00bbslide\u00bb animation_direction=\u00bbleft\u00bb][et_pb_column type=\u00bb1_4&#8243; _builder_version=\u00bb3.19.5&#8243; parallax=\u00bboff\u00bb parallax_method=\u00bbon\u00bb][et_pb_blurb title=\u00bbInfraestructura de Red\u00bb use_icon=\u00bbon\u00bb font_icon=\u00bb%%272%%\u00bb icon_color=\u00bb#ffffff\u00bb use_circle=\u00bbon\u00bb circle_color=\u00bb#002b8f\u00bb _builder_version=\u00bb3.19.5&#8243; header_font=\u00bb|800|||||||\u00bb text_orientation=\u00bbcenter\u00bb]<\/p>\n<p>Soluciones de conectividad enfocadas en facilitar el acceso de los usuarios a las aplicaciones de la empresa, ya sea desde la misma red empresarial, oficinas remotas o a trav\u00e9s de internet; tanto para dispositivos fijos como dispositivos m\u00f3viles.<\/p>\n<p>[\/et_pb_blurb][\/et_pb_column][et_pb_column type=\u00bb1_4&#8243; _builder_version=\u00bb3.19.5&#8243; parallax=\u00bboff\u00bb parallax_method=\u00bbon\u00bb][et_pb_blurb title=\u00bbInformaci\u00f3n\u00bb use_icon=\u00bbon\u00bb font_icon=\u00bb%%305%%\u00bb icon_color=\u00bb#ffffff\u00bb use_circle=\u00bbon\u00bb circle_color=\u00bb#002b8f\u00bb _builder_version=\u00bb3.19.5&#8243; header_font=\u00bb|800|||||||\u00bb text_orientation=\u00bbcenter\u00bb]<\/p>\n<p>Soluciones de c\u00f3mputo, almacenamiento y resguardo de la informaci\u00f3n que utilizan la virtualizaci\u00f3n para brindar mayor agilidad al negocio y reducir los gastos operativos.<\/p>\n<p>[\/et_pb_blurb][\/et_pb_column][et_pb_column type=\u00bb1_4&#8243; _builder_version=\u00bb3.19.5&#8243; parallax=\u00bboff\u00bb parallax_method=\u00bbon\u00bb][et_pb_blurb title=\u00bbCiberseguridad\u00bb use_icon=\u00bbon\u00bb font_icon=\u00bb%%284%%\u00bb icon_color=\u00bb#ffffff\u00bb use_circle=\u00bbon\u00bb circle_color=\u00bb#002b8f\u00bb _builder_version=\u00bb3.19.5&#8243; header_font=\u00bb|800|||||||\u00bb text_orientation=\u00bbcenter\u00bb]<\/p>\n<p>Soluciones de seguridad que trabajan de forma coordinada y automatizada, y aportan gran visibilidad para proteger a la PYME de las \u00faltimas amenazas.<\/p>\n<p>[\/et_pb_blurb][\/et_pb_column][et_pb_column type=\u00bb1_4&#8243; _builder_version=\u00bb3.19.5&#8243; parallax=\u00bboff\u00bb parallax_method=\u00bbon\u00bb][et_pb_blurb title=\u00bbColaboraci\u00f3n\u00bb use_icon=\u00bbon\u00bb font_icon=\u00bb%%228%%\u00bb icon_color=\u00bb#ffffff\u00bb use_circle=\u00bbon\u00bb circle_color=\u00bb#002b8f\u00bb content_max_width=\u00bb324px\u00bb _builder_version=\u00bb3.19.5&#8243; header_font=\u00bb|800|||||||\u00bb text_orientation=\u00bbcenter\u00bb]<\/p>\n<p>Soluciones de bajo costo para empresas que requieran utilizar la voz, el video y mensajer\u00eda con el fin de mejorar la interacci\u00f3n tanto de sus equipos de trabajo como entre sus clientes y aliados de negocios.<\/p>\n<p>[\/et_pb_blurb][\/et_pb_column][\/et_pb_row][\/et_pb_section]<\/p>\n","protected":false},"excerpt":{"rendered":"<p>[rev_slider alias=\u00bbpyme\u00bb] El Reto Para prosperar en un ambiente altamente competitivo liderado por empresas digitales, la peque\u00f1a y mediana empresa necesita una infraestructura de TIC capaz de afrontar los distintos retos de la transformaci\u00f3n digital como por ejemplo la movilidad, el acceso a la nube (p\u00fablica, privada o h\u00edbrida), la ciberseguridad, el internet de las [&hellip;]<\/p>\n","protected":false},"author":1,"featured_media":0,"parent":0,"menu_order":0,"comment_status":"closed","ping_status":"closed","template":"","meta":{"_et_pb_use_builder":"on","_et_pb_old_content":"","_et_gb_content_width":"","footnotes":""},"class_list":["post-884","page","type-page","status-publish","hentry"],"_links":{"self":[{"href":"https:\/\/istnetgroup.com\/index.php\/wp-json\/wp\/v2\/pages\/884","targetHints":{"allow":["GET"]}}],"collection":[{"href":"https:\/\/istnetgroup.com\/index.php\/wp-json\/wp\/v2\/pages"}],"about":[{"href":"https:\/\/istnetgroup.com\/index.php\/wp-json\/wp\/v2\/types\/page"}],"author":[{"embeddable":true,"href":"https:\/\/istnetgroup.com\/index.php\/wp-json\/wp\/v2\/users\/1"}],"replies":[{"embeddable":true,"href":"https:\/\/istnetgroup.com\/index.php\/wp-json\/wp\/v2\/comments?post=884"}],"version-history":[{"count":12,"href":"https:\/\/istnetgroup.com\/index.php\/wp-json\/wp\/v2\/pages\/884\/revisions"}],"predecessor-version":[{"id":1723,"href":"https:\/\/istnetgroup.com\/index.php\/wp-json\/wp\/v2\/pages\/884\/revisions\/1723"}],"wp:attachment":[{"href":"https:\/\/istnetgroup.com\/index.php\/wp-json\/wp\/v2\/media?parent=884"}],"curies":[{"name":"wp","href":"https:\/\/api.w.org\/{rel}","templated":true}]}}